{"id":6482,"date":"2024-08-22T15:31:58","date_gmt":"2024-08-22T13:31:58","guid":{"rendered":"https:\/\/komismadej.pl\/wp\/?post_type=product&#038;p=6482"},"modified":"2026-03-14T18:38:38","modified_gmt":"2026-03-14T17:38:38","slug":"oczyszczacz-powietrza-philips-ac2889-krosno-betleja","status":"publish","type":"product","link":"https:\/\/komismadej.pl\/wp\/?product=oczyszczacz-powietrza-philips-ac2889-krosno-betleja","title":{"rendered":"Oczyszczacz powietrza PHILIPS AC2889,  Krosno Betleja"},"content":{"rendered":"<p>Na sprzeda\u017c oczyszczacz powietrza PHILIPS AC2889<\/p>\n<p>Maksymalna powierzchnia pomieszczenia [m2]: 39<br \/>\nRodzaj filtra: NanoProtect HEPA, W\u0119glowy, Wst\u0119pny<br \/>\nPoziom ha\u0142asu [dB]: 23<br \/>\nMoc [W]: 56<br \/>\nFunkcje: Filtracja powietrza, Wska\u017anik zanieczyszczenia powietrza, Sterowanie smartfonem<\/p>\n<p>Wi\u0119cej informacji na stronie producenta.<\/p>\n<p>Stan wizualny widoczny na zdj\u0119ciach.<\/p>\n<p>Sprz\u0119t sprawny.<\/p>\n<p>Wi\u0119cej informacji na stronie producenta.<\/p>\n<p>Przed przyjazdem, prosimy o telefon lub wiadomo\u015b\u0107, aby potwierdzi\u0107 dost\u0119pno\u015b\u0107 produktu<br \/>\n.<br \/>\nZalecany odbi\u00f3r osobisty.<\/p>\n<p>Do zakupu do\u0142\u0105czamy paragon lub na \u017cyczenie faktur\u0119 (faktura procedura mar\u017cy)<\/p>\n<p>Zapraszamy na inne nasze og\u0142oszenia!<\/p>\n","protected":false},"excerpt":{"rendered":"<p>Na sprzeda\u017c oczyszczacz powietrza PHILIPS AC2889 Maksymalna powierzchnia pomieszczenia [m2]: 39 Rodzaj filtra: NanoProtect HEPA, W\u0119glowy, Wst\u0119pny Poziom ha\u0142asu [dB]: 23 Moc [W]: 56 Funkcje: Filtracja powietrza, Wska\u017anik zanieczyszczenia powietrza, Sterowanie smartfonem Wi\u0119cej informacji na stronie producenta. Stan wizualny widoczny na zdj\u0119ciach. Sprz\u0119t sprawny. Wi\u0119cej informacji na stronie producenta. Przed przyjazdem, prosimy o telefon lub&#8230;<\/p>\n","protected":false},"featured_media":6484,"template":"","meta":{"_kad_post_transparent":"default","_kad_post_title":"","_kad_post_layout":"default","_kad_post_sidebar_id":"","_kad_post_content_style":"default","_kad_post_vertical_padding":"default","_kad_post_feature":"","_kad_post_feature_position":"","_kad_post_header":false,"_kad_post_footer":false,"_kad_post_classname":""},"product_brand":[],"product_cat":[20,18],"product_tag":[88],"class_list":{"0":"post-6482","1":"product","2":"type-product","3":"status-publish","4":"has-post-thumbnail","6":"product_cat-dio","7":"product_cat-elektr","8":"product_tag-betleja-1","9":"product_shipping_class-betleja","11":"first","12":"instock","13":"sale","14":"shipping-taxable","15":"purchasable","16":"product-type-simple","17":"entry","18":"content-bg","19":"loop-entry"},"_links":{"self":[{"href":"https:\/\/komismadej.pl\/wp\/index.php?rest_route=\/wp\/v2\/product\/6482","targetHints":{"allow":["GET"]}}],"collection":[{"href":"https:\/\/komismadej.pl\/wp\/index.php?rest_route=\/wp\/v2\/product"}],"about":[{"href":"https:\/\/komismadej.pl\/wp\/index.php?rest_route=\/wp\/v2\/types\/product"}],"wp:featuredmedia":[{"embeddable":true,"href":"https:\/\/komismadej.pl\/wp\/index.php?rest_route=\/wp\/v2\/media\/6484"}],"wp:attachment":[{"href":"https:\/\/komismadej.pl\/wp\/index.php?rest_route=%2Fwp%2Fv2%2Fmedia&parent=6482"}],"wp:term":[{"taxonomy":"product_brand","embeddable":true,"href":"https:\/\/komismadej.pl\/wp\/index.php?rest_route=%2Fwp%2Fv2%2Fproduct_brand&post=6482"},{"taxonomy":"product_cat","embeddable":true,"href":"https:\/\/komismadej.pl\/wp\/index.php?rest_route=%2Fwp%2Fv2%2Fproduct_cat&post=6482"},{"taxonomy":"product_tag","embeddable":true,"href":"https:\/\/komismadej.pl\/wp\/index.php?rest_route=%2Fwp%2Fv2%2Fproduct_tag&post=6482"}],"curies":[{"name":"wp","href":"https:\/\/api.w.org\/{rel}","templated":true}]}}