{"id":50020,"date":"2026-04-25T18:07:31","date_gmt":"2026-04-25T16:07:31","guid":{"rendered":"https:\/\/komismadej.pl\/wp\/?post_type=product&#038;p=50020"},"modified":"2026-04-25T18:07:31","modified_gmt":"2026-04-25T16:07:31","slug":"konsola-xbox-one-fat-500gb-gry-komis-madej-tarnow","status":"publish","type":"product","link":"https:\/\/komismadej.pl\/wp\/?product=konsola-xbox-one-fat-500gb-gry-komis-madej-tarnow","title":{"rendered":"Konsola XBOX One Fat 500GB + gry Komis Madej Tarn\u00f3w"},"content":{"rendered":"<div class=\"css-1rkcfco\" data-cy=\"ad_description\" data-testid=\"ad_description\">\n<div class=\"css-fl29zg\">Na sprzeda\u017c konsola Xbox One w pe\u0142ni sprawna, gotowa do grania.<\/p>\n<p>W zestawie:<\/p>\n<p>konsola Xbox One<br \/>\nzasilacz<br \/>\npad (nieoryginalny, w pe\u0142ni dzia\u0142aj\u0105cy)<br \/>\ngra FIFA 22<br \/>\ngra Call of Duty WWII<\/p>\n<p>Gotowa do pod\u0142\u0105czenia i u\u017cytkowania od razu po zakupie.<\/p>\n<p>Z powodu du\u017cej rotacji towaru przed przyjazdem i zakupem prosz\u0119 o kontakt w celu sprawdzenia dost\u0119pno\u015bci produktu.<\/p>\n<p>MADEJ SC KOMIS-GOT\u00d3WKA OD R\u0118KI<br \/>\nul.S\u0142oneczna 56c<br \/>\n33-100 Tarn\u00f3w<br \/>\n(obok sklepu \u017cabka ]<br \/>\nZ powodu du\u017cej ilo\u015bci klient\u00f3w kontakt w pewnych godzinach mo\u017ce by\u0107 czasami utrudniony za co przepraszamy i prosimy o kolejn\u0105 pr\u00f3b\u0119.<\/p>\n<p>Godziny otwarcia:<br \/>\nPON-SOB 08:00-20:00<br \/>\nNIEDZIELA: NIECZYNNE<br \/>\nZAPRASZAMY!<\/p><\/div>\n<\/div>\n<div class=\"css-10v0ufo\">\n<div class=\"css-i3wm8i\" data-cy=\"ad-footer-bar-section\" data-testid=\"ad-footer-bar-section\"><\/div>\n<\/div>\n","protected":false},"excerpt":{"rendered":"<p>Na sprzeda\u017c konsola Xbox One w pe\u0142ni sprawna, gotowa do grania. W zestawie: konsola Xbox One zasilacz pad (nieoryginalny, w pe\u0142ni dzia\u0142aj\u0105cy) gra FIFA 22 gra Call of Duty WWII Gotowa do pod\u0142\u0105czenia i u\u017cytkowania od razu po zakupie. Z powodu du\u017cej rotacji towaru przed przyjazdem i zakupem prosz\u0119 o kontakt w celu sprawdzenia dost\u0119pno\u015bci&#8230;<\/p>\n","protected":false},"featured_media":50019,"template":"","meta":{"_kad_post_transparent":"default","_kad_post_title":"","_kad_post_layout":"default","_kad_post_sidebar_id":"","_kad_post_content_style":"default","_kad_post_vertical_padding":"default","_kad_post_feature":"","_kad_post_feature_position":"","_kad_post_header":false,"_kad_post_footer":false,"_kad_post_classname":""},"product_brand":[],"product_cat":[18],"product_tag":[54,39],"class_list":{"0":"post-50020","1":"product","2":"type-product","3":"status-publish","4":"has-post-thumbnail","6":"product_cat-elektr","7":"product_tag-sloneczna-56c","8":"product_tag-tarnow","9":"product_shipping_class-tarnow","11":"first","12":"instock","13":"shipping-taxable","14":"purchasable","15":"product-type-simple","16":"entry","17":"content-bg","18":"loop-entry"},"_links":{"self":[{"href":"https:\/\/komismadej.pl\/wp\/index.php?rest_route=\/wp\/v2\/product\/50020","targetHints":{"allow":["GET"]}}],"collection":[{"href":"https:\/\/komismadej.pl\/wp\/index.php?rest_route=\/wp\/v2\/product"}],"about":[{"href":"https:\/\/komismadej.pl\/wp\/index.php?rest_route=\/wp\/v2\/types\/product"}],"wp:featuredmedia":[{"embeddable":true,"href":"https:\/\/komismadej.pl\/wp\/index.php?rest_route=\/wp\/v2\/media\/50019"}],"wp:attachment":[{"href":"https:\/\/komismadej.pl\/wp\/index.php?rest_route=%2Fwp%2Fv2%2Fmedia&parent=50020"}],"wp:term":[{"taxonomy":"product_brand","embeddable":true,"href":"https:\/\/komismadej.pl\/wp\/index.php?rest_route=%2Fwp%2Fv2%2Fproduct_brand&post=50020"},{"taxonomy":"product_cat","embeddable":true,"href":"https:\/\/komismadej.pl\/wp\/index.php?rest_route=%2Fwp%2Fv2%2Fproduct_cat&post=50020"},{"taxonomy":"product_tag","embeddable":true,"href":"https:\/\/komismadej.pl\/wp\/index.php?rest_route=%2Fwp%2Fv2%2Fproduct_tag&post=50020"}],"curies":[{"name":"wp","href":"https:\/\/api.w.org\/{rel}","templated":true}]}}