{"id":50014,"date":"2026-04-25T15:26:30","date_gmt":"2026-04-25T13:26:30","guid":{"rendered":"https:\/\/komismadej.pl\/wp\/?post_type=product&#038;p=50014"},"modified":"2026-04-25T15:49:02","modified_gmt":"2026-04-25T13:49:02","slug":"50014","status":"publish","type":"product","link":"https:\/\/komismadej.pl\/wp\/?product=50014","title":{"rendered":"Trzyko\u0142owa hulajnoga dla dzieci Kraina lodu (Frozen) Komis Madej Tarn\u00f3w"},"content":{"rendered":"<p>Na sprzeda\u017c hulajnoga trzyko\u0142owa dla dzieci z motywem z bajki Kraina Lodu (Frozen) \u2013 idealna dla ma\u0142ych fan\u00f3w Elsy i Anny \ud83d\ude42<\/p>\n<p>Najwa\u017cniejsze cechy:<br \/>\nstabilna, trzyko\u0142owa konstrukcja \u2013 idealna dla pocz\u0105tkuj\u0105cych<br \/>\nlekka i \u0142atwa w prowadzeniu<br \/>\nantypo\u015blizgowy podest<br \/>\nwygodne r\u0105czki na kierownicy<br \/>\nkolorowa grafika z motywem Frozen (Kraina Lodu)<\/p>\n<p>Hulajnoga jest w bardzo dobrym stanie, w pe\u0142ni sprawna, gotowa do jazdy.<\/p>\n<p>\u015awietnie sprawdzi si\u0119 na spacery i zabaw\u0119 na \u015bwie\u017cym powietrzu.<\/p>\n<p>Z powodu du\u017cej rotacji towaru przed przyjazdem i zakupem prosz\u0119 o kontakt w celu sprawdzenia dost\u0119pno\u015bci produktu.<\/p>\n<p>MADEJ SC KOMIS-GOT\u00d3WKA OD R\u0118KI<br \/>\nul.S\u0142oneczna 56c<br \/>\n33-100 Tarn\u00f3w<br \/>\n(obok sklepu \u017cabka ]<br \/>\nZ powodu du\u017cej ilo\u015bci klient\u00f3w kontakt w pewnych godzinach mo\u017ce by\u0107 czasami utrudniony za co przepraszamy i prosimy o kolejn\u0105 pr\u00f3b\u0119.<\/p>\n<p>Godziny otwarcia:<br \/>\nPON-SOB 08:00-20:00<br \/>\nNIEDZIELA: NIECZYNNE<br \/>\nZAPRASZAMY!<\/p>\n","protected":false},"excerpt":{"rendered":"<p>Na sprzeda\u017c hulajnoga trzyko\u0142owa dla dzieci z motywem z bajki Kraina Lodu (Frozen) \u2013 idealna dla ma\u0142ych fan\u00f3w Elsy i Anny \ud83d\ude42 Najwa\u017cniejsze cechy: stabilna, trzyko\u0142owa konstrukcja \u2013 idealna dla pocz\u0105tkuj\u0105cych lekka i \u0142atwa w prowadzeniu antypo\u015blizgowy podest wygodne r\u0105czki na kierownicy kolorowa grafika z motywem Frozen (Kraina Lodu) Hulajnoga jest w bardzo dobrym stanie,&#8230;<\/p>\n","protected":false},"featured_media":50006,"template":"","meta":{"_kad_post_transparent":"default","_kad_post_title":"","_kad_post_layout":"default","_kad_post_sidebar_id":"","_kad_post_content_style":"default","_kad_post_vertical_padding":"default","_kad_post_feature":"","_kad_post_feature_position":"","_kad_post_header":false,"_kad_post_footer":false,"_kad_post_classname":""},"product_brand":[],"product_cat":[24,23],"product_tag":[54,39],"class_list":{"0":"post-50014","1":"product","2":"type-product","3":"status-publish","4":"has-post-thumbnail","6":"product_cat-dzie","7":"product_cat-sit","8":"product_tag-sloneczna-56c","9":"product_tag-tarnow","10":"product_shipping_class-tarnow","12":"first","13":"instock","14":"shipping-taxable","15":"purchasable","16":"product-type-simple","17":"entry","18":"content-bg","19":"loop-entry"},"_links":{"self":[{"href":"https:\/\/komismadej.pl\/wp\/index.php?rest_route=\/wp\/v2\/product\/50014","targetHints":{"allow":["GET"]}}],"collection":[{"href":"https:\/\/komismadej.pl\/wp\/index.php?rest_route=\/wp\/v2\/product"}],"about":[{"href":"https:\/\/komismadej.pl\/wp\/index.php?rest_route=\/wp\/v2\/types\/product"}],"wp:featuredmedia":[{"embeddable":true,"href":"https:\/\/komismadej.pl\/wp\/index.php?rest_route=\/wp\/v2\/media\/50006"}],"wp:attachment":[{"href":"https:\/\/komismadej.pl\/wp\/index.php?rest_route=%2Fwp%2Fv2%2Fmedia&parent=50014"}],"wp:term":[{"taxonomy":"product_brand","embeddable":true,"href":"https:\/\/komismadej.pl\/wp\/index.php?rest_route=%2Fwp%2Fv2%2Fproduct_brand&post=50014"},{"taxonomy":"product_cat","embeddable":true,"href":"https:\/\/komismadej.pl\/wp\/index.php?rest_route=%2Fwp%2Fv2%2Fproduct_cat&post=50014"},{"taxonomy":"product_tag","embeddable":true,"href":"https:\/\/komismadej.pl\/wp\/index.php?rest_route=%2Fwp%2Fv2%2Fproduct_tag&post=50014"}],"curies":[{"name":"wp","href":"https:\/\/api.w.org\/{rel}","templated":true}]}}