{"id":49282,"date":"2026-04-18T15:16:36","date_gmt":"2026-04-18T13:16:36","guid":{"rendered":"https:\/\/komismadej.pl\/wp\/?post_type=product&#038;p=49282"},"modified":"2026-04-18T15:16:36","modified_gmt":"2026-04-18T13:16:36","slug":"wyrzynarka-przewodowa-falcon-tech-fj1006l-komis-madej-tarnow","status":"publish","type":"product","link":"https:\/\/komismadej.pl\/wp\/?product=wyrzynarka-przewodowa-falcon-tech-fj1006l-komis-madej-tarnow","title":{"rendered":"Wyrzynarka przewodowa Falcon-Tech FJ1006L Komis Madej Tarn\u00f3w"},"content":{"rendered":"<p>U\u017cywana i sprawna technicznie wyrzynarka marki Falcon-Tech model FJ1006L wraz z ostrzem. Wyrzynarka przydatna do wykonywania precyzyjnych ci\u0119\u0107 w drewnie, p\u0142ytach i innych materia\u0142ach. Do zastosowa\u0144 domowych i profesjonalnych.<\/p>\n<p>Z powodu du\u017cej rotacji towaru przed przyjazdem i zakupem prosz\u0119 o kontakt w celu sprawdzenia dost\u0119pno\u015bci produktu.<\/p>\n<p>MADEJ SC KOMIS-GOT\u00d3WKA OD R\u0118KI<br \/>\nul.S\u0142oneczna 56c<br \/>\n33-100 Tarn\u00f3w<br \/>\n(obok sklepu \u017cabka ]<br \/>\nZ powodu du\u017cej ilo\u015bci klient\u00f3w kontakt w pewnych godzinach mo\u017ce by\u0107 czasami utrudniony za co przepraszamy i prosimy o kolejn\u0105 pr\u00f3b\u0119.<\/p>\n<p>Godziny otwarcia:<br \/>\nPON-SOB 08:00-20:00<br \/>\nNIEDZIELA: NIECZYNNE<br \/>\nZAPRASZAMY!<\/p>\n","protected":false},"excerpt":{"rendered":"<p>U\u017cywana i sprawna technicznie wyrzynarka marki Falcon-Tech model FJ1006L wraz z ostrzem. Wyrzynarka przydatna do wykonywania precyzyjnych ci\u0119\u0107 w drewnie, p\u0142ytach i innych materia\u0142ach. Do zastosowa\u0144 domowych i profesjonalnych. Z powodu du\u017cej rotacji towaru przed przyjazdem i zakupem prosz\u0119 o kontakt w celu sprawdzenia dost\u0119pno\u015bci produktu. MADEJ SC KOMIS-GOT\u00d3WKA OD R\u0118KI ul.S\u0142oneczna 56c 33-100 Tarn\u00f3w&#8230;<\/p>\n","protected":false},"featured_media":49294,"template":"","meta":{"_kad_post_transparent":"default","_kad_post_title":"","_kad_post_layout":"default","_kad_post_sidebar_id":"","_kad_post_content_style":"default","_kad_post_vertical_padding":"default","_kad_post_feature":"","_kad_post_feature_position":"","_kad_post_header":false,"_kad_post_footer":false,"_kad_post_classname":""},"product_brand":[],"product_cat":[19],"product_tag":[54,39],"class_list":{"0":"post-49282","1":"product","2":"type-product","3":"status-publish","4":"has-post-thumbnail","6":"product_cat-narz","7":"product_tag-sloneczna-56c","8":"product_tag-tarnow","9":"product_shipping_class-tarnow","11":"first","12":"instock","13":"shipping-taxable","14":"purchasable","15":"product-type-simple","16":"entry","17":"content-bg","18":"loop-entry"},"_links":{"self":[{"href":"https:\/\/komismadej.pl\/wp\/index.php?rest_route=\/wp\/v2\/product\/49282","targetHints":{"allow":["GET"]}}],"collection":[{"href":"https:\/\/komismadej.pl\/wp\/index.php?rest_route=\/wp\/v2\/product"}],"about":[{"href":"https:\/\/komismadej.pl\/wp\/index.php?rest_route=\/wp\/v2\/types\/product"}],"wp:featuredmedia":[{"embeddable":true,"href":"https:\/\/komismadej.pl\/wp\/index.php?rest_route=\/wp\/v2\/media\/49294"}],"wp:attachment":[{"href":"https:\/\/komismadej.pl\/wp\/index.php?rest_route=%2Fwp%2Fv2%2Fmedia&parent=49282"}],"wp:term":[{"taxonomy":"product_brand","embeddable":true,"href":"https:\/\/komismadej.pl\/wp\/index.php?rest_route=%2Fwp%2Fv2%2Fproduct_brand&post=49282"},{"taxonomy":"product_cat","embeddable":true,"href":"https:\/\/komismadej.pl\/wp\/index.php?rest_route=%2Fwp%2Fv2%2Fproduct_cat&post=49282"},{"taxonomy":"product_tag","embeddable":true,"href":"https:\/\/komismadej.pl\/wp\/index.php?rest_route=%2Fwp%2Fv2%2Fproduct_tag&post=49282"}],"curies":[{"name":"wp","href":"https:\/\/api.w.org\/{rel}","templated":true}]}}