{"id":49278,"date":"2026-04-18T15:10:00","date_gmt":"2026-04-18T13:10:00","guid":{"rendered":"https:\/\/komismadej.pl\/wp\/?post_type=product&#038;p=49278"},"modified":"2026-04-18T15:10:00","modified_gmt":"2026-04-18T13:10:00","slug":"lyzworolki-damskie-coolslide-lady-roma-r39-komis-madej-tarnow","status":"publish","type":"product","link":"https:\/\/komismadej.pl\/wp\/?product=lyzworolki-damskie-coolslide-lady-roma-r39-komis-madej-tarnow","title":{"rendered":"\u0141y\u017cworolki damskie CoolSlide Lady Roma R39 Komis Madej Tarn\u00f3w"},"content":{"rendered":"<p>\u0141y\u017cworolki damskie CoolSlide Lady Roma w rozmiarze 39. \u0141adne, zadbane i ma\u0142o u\u017cywane, ca\u0142kowicie sprawne technicznie. \u0141o\u017cyska w porz\u0105dku, szyny oraz zapi\u0119cia r\u00f3wnie\u017c, nie s\u0105 przepocone. Kostka hamulcowa u\u017cywana, ale nie zdarta. W komplecie oryginalne pude\u0142ko. Kolor czarny i cyan.<\/p>\n<p>Z powodu du\u017cej rotacji towaru przed przyjazdem i zakupem prosz\u0119 o kontakt w celu sprawdzenia dost\u0119pno\u015bci produktu.<\/p>\n<p>MADEJ SC KOMIS-GOT\u00d3WKA OD R\u0118KI<br \/>\nul.S\u0142oneczna 56c<br \/>\n33-100 Tarn\u00f3w<br \/>\n(obok sklepu \u017cabka ]<br \/>\nZ powodu du\u017cej ilo\u015bci klient\u00f3w kontakt w pewnych godzinach mo\u017ce by\u0107 czasami utrudniony za co przepraszamy i prosimy o kolejn\u0105 pr\u00f3b\u0119.<\/p>\n<p>Godziny otwarcia:<br \/>\nPON-SOB 08:00-20:00<br \/>\nNIEDZIELA: NIECZYNNE<br \/>\nZAPRASZAMY!<\/p>\n","protected":false},"excerpt":{"rendered":"<p>\u0141y\u017cworolki damskie CoolSlide Lady Roma w rozmiarze 39. \u0141adne, zadbane i ma\u0142o u\u017cywane, ca\u0142kowicie sprawne technicznie. \u0141o\u017cyska w porz\u0105dku, szyny oraz zapi\u0119cia r\u00f3wnie\u017c, nie s\u0105 przepocone. Kostka hamulcowa u\u017cywana, ale nie zdarta. W komplecie oryginalne pude\u0142ko. Kolor czarny i cyan. Z powodu du\u017cej rotacji towaru przed przyjazdem i zakupem prosz\u0119 o kontakt w celu sprawdzenia&#8230;<\/p>\n","protected":false},"featured_media":49284,"template":"","meta":{"_kad_post_transparent":"default","_kad_post_title":"","_kad_post_layout":"default","_kad_post_sidebar_id":"","_kad_post_content_style":"default","_kad_post_vertical_padding":"default","_kad_post_feature":"","_kad_post_feature_position":"","_kad_post_header":false,"_kad_post_footer":false,"_kad_post_classname":""},"product_brand":[],"product_cat":[23],"product_tag":[54,39],"class_list":{"0":"post-49278","1":"product","2":"type-product","3":"status-publish","4":"has-post-thumbnail","6":"product_cat-sit","7":"product_tag-sloneczna-56c","8":"product_tag-tarnow","9":"product_shipping_class-tarnow","11":"first","12":"instock","13":"shipping-taxable","14":"purchasable","15":"product-type-simple","16":"entry","17":"content-bg","18":"loop-entry"},"_links":{"self":[{"href":"https:\/\/komismadej.pl\/wp\/index.php?rest_route=\/wp\/v2\/product\/49278","targetHints":{"allow":["GET"]}}],"collection":[{"href":"https:\/\/komismadej.pl\/wp\/index.php?rest_route=\/wp\/v2\/product"}],"about":[{"href":"https:\/\/komismadej.pl\/wp\/index.php?rest_route=\/wp\/v2\/types\/product"}],"wp:featuredmedia":[{"embeddable":true,"href":"https:\/\/komismadej.pl\/wp\/index.php?rest_route=\/wp\/v2\/media\/49284"}],"wp:attachment":[{"href":"https:\/\/komismadej.pl\/wp\/index.php?rest_route=%2Fwp%2Fv2%2Fmedia&parent=49278"}],"wp:term":[{"taxonomy":"product_brand","embeddable":true,"href":"https:\/\/komismadej.pl\/wp\/index.php?rest_route=%2Fwp%2Fv2%2Fproduct_brand&post=49278"},{"taxonomy":"product_cat","embeddable":true,"href":"https:\/\/komismadej.pl\/wp\/index.php?rest_route=%2Fwp%2Fv2%2Fproduct_cat&post=49278"},{"taxonomy":"product_tag","embeddable":true,"href":"https:\/\/komismadej.pl\/wp\/index.php?rest_route=%2Fwp%2Fv2%2Fproduct_tag&post=49278"}],"curies":[{"name":"wp","href":"https:\/\/api.w.org\/{rel}","templated":true}]}}