{"id":46085,"date":"2026-03-11T15:39:44","date_gmt":"2026-03-11T14:39:44","guid":{"rendered":"https:\/\/komismadej.pl\/wp\/?post_type=product&#038;p=46085"},"modified":"2026-03-15T13:08:28","modified_gmt":"2026-03-15T12:08:28","slug":"tamagotchi-paradise-wirtualne-zwierze-interaktywne","status":"publish","type":"product","link":"https:\/\/komismadej.pl\/wp\/?product=tamagotchi-paradise-wirtualne-zwierze-interaktywne","title":{"rendered":"Tamagotchi Paradise &#8211; Wirtualne Zwierz\u0119- Interaktywne"},"content":{"rendered":"<p>Sprzedajemy towar, kt\u00f3ry znajduje si\u0119 na za\u0142\u0105czonych zdj\u0119ciach.<\/p>\n<p>Do ka\u017cdego zakupionego towaru dok\u0142adamy dow\u00f3d zakupu z naszego sklepu: paragon lub na \u017cyczenie faktur\u0119-procedur\u0119 mar\u017cy-towary u\u017cywane .<\/p>\n<p>Ka\u017cdy produkt mo\u017cna obejrze\u0107 lub zakupi\u0107 osobi\u015bcie w naszej filii w Kro\u015bnie, przy ul. Lewakowskiego 4 w godzinach pracy:<\/p>\n<p>pon &#8211; pt 9:00 &#8211; 17:00<\/p>\n<p>sobota 9:00 &#8211; 13:00<\/p>\n<p>Zapraszamy do naszego sklepu: MADEJ S.C. KOMIS SKUP SPRZEDA\u017b<\/p>\n<p>Z powodu du\u017cej rotacji towaru przed przyjazdem i zakupem prosz\u0119 o kontakt w celu sprawdzenia dost\u0119pno\u015bci produktu.<\/p>\n","protected":false},"excerpt":{"rendered":"<p>Sprzedajemy towar, kt\u00f3ry znajduje si\u0119 na za\u0142\u0105czonych zdj\u0119ciach. Do ka\u017cdego zakupionego towaru dok\u0142adamy dow\u00f3d zakupu z naszego sklepu: paragon lub na \u017cyczenie faktur\u0119-procedur\u0119 mar\u017cy-towary u\u017cywane . Ka\u017cdy produkt mo\u017cna obejrze\u0107 lub zakupi\u0107 osobi\u015bcie w naszej filii w Kro\u015bnie, przy ul. Lewakowskiego 4 w godzinach pracy: pon &#8211; pt 9:00 &#8211; 17:00 sobota 9:00 &#8211; 13:00&#8230;<\/p>\n","protected":false},"featured_media":46086,"template":"","meta":{"_kad_post_transparent":"default","_kad_post_title":"","_kad_post_layout":"default","_kad_post_sidebar_id":"","_kad_post_content_style":"default","_kad_post_vertical_padding":"default","_kad_post_feature":"","_kad_post_feature_position":"","_kad_post_header":false,"_kad_post_footer":false,"_kad_post_classname":""},"product_brand":[],"product_cat":[24],"product_tag":[85,96,93],"class_list":{"0":"post-46085","1":"product","2":"type-product","3":"status-publish","4":"has-post-thumbnail","6":"product_cat-dzie","7":"product_tag-krosno","8":"product_tag-lew","9":"product_tag-lewakowskiego-4","10":"product_shipping_class-lewakowski","12":"first","13":"instock","14":"shipping-taxable","15":"purchasable","16":"product-type-simple","17":"entry","18":"content-bg","19":"loop-entry"},"_links":{"self":[{"href":"https:\/\/komismadej.pl\/wp\/index.php?rest_route=\/wp\/v2\/product\/46085","targetHints":{"allow":["GET"]}}],"collection":[{"href":"https:\/\/komismadej.pl\/wp\/index.php?rest_route=\/wp\/v2\/product"}],"about":[{"href":"https:\/\/komismadej.pl\/wp\/index.php?rest_route=\/wp\/v2\/types\/product"}],"wp:featuredmedia":[{"embeddable":true,"href":"https:\/\/komismadej.pl\/wp\/index.php?rest_route=\/wp\/v2\/media\/46086"}],"wp:attachment":[{"href":"https:\/\/komismadej.pl\/wp\/index.php?rest_route=%2Fwp%2Fv2%2Fmedia&parent=46085"}],"wp:term":[{"taxonomy":"product_brand","embeddable":true,"href":"https:\/\/komismadej.pl\/wp\/index.php?rest_route=%2Fwp%2Fv2%2Fproduct_brand&post=46085"},{"taxonomy":"product_cat","embeddable":true,"href":"https:\/\/komismadej.pl\/wp\/index.php?rest_route=%2Fwp%2Fv2%2Fproduct_cat&post=46085"},{"taxonomy":"product_tag","embeddable":true,"href":"https:\/\/komismadej.pl\/wp\/index.php?rest_route=%2Fwp%2Fv2%2Fproduct_tag&post=46085"}],"curies":[{"name":"wp","href":"https:\/\/api.w.org\/{rel}","templated":true}]}}