{"id":45759,"date":"2026-03-05T17:16:29","date_gmt":"2026-03-05T16:16:29","guid":{"rendered":"https:\/\/komismadej.pl\/wp\/?post_type=product&#038;p=45759"},"modified":"2026-03-14T13:31:30","modified_gmt":"2026-03-14T12:31:30","slug":"radio-sieciowe-internetowe-bt-oakcastle-ir100-komis-madej-debica","status":"publish","type":"product","link":"https:\/\/komismadej.pl\/wp\/?product=radio-sieciowe-internetowe-bt-oakcastle-ir100-komis-madej-debica","title":{"rendered":"Radio sieciowe internetowe, BT Oakcastle IR100 -Komis MADEJ D\u0119bica"},"content":{"rendered":"<p>Przedmiotem sprzeda\u017cy jest radio Oakcastle IR100 radio zasilane sieciowo. Posiada mo\u017cliwo\u015b\u0107 pod\u0142\u0105czenia przez wi-fi , bluettoth, usb, aux.<\/p>\n<p>Stan: W pe\u0142ni sprawne w bardzo dobrym stanie.<\/p>\n<p>Zapraszam do zakupu<\/p>\n<p>Zapraszamy r\u00f3wnie\u017c do zapoznania si\u0119 z innymi naszymi aukcjami pod adresem: komisdebica.olx.pl<\/p>\n<p>Ka\u017cdy produkt mo\u017cna obejrze\u0107 lub zakupi\u0107 osobi\u015bcie w naszej filii w D\u0119bicy, przy ulicy Rzeszowska 75F.<br \/>\nW godzinach:<br \/>\nPon.-Pt. 8.00 &#8211; 20.00<br \/>\nSobota 8.00 &#8211; 20.00<\/p>\n<p>Kontakt telefoniczny pod numerem<br \/>\n(14) 676 39 61<\/p>\n<p>Mo\u017cliwo\u015b\u0107 wysy\u0142ki w cenie 30z\u0142<\/p>\n","protected":false},"excerpt":{"rendered":"<p>Przedmiotem sprzeda\u017cy jest radio Oakcastle IR100 radio zasilane sieciowo. Posiada mo\u017cliwo\u015b\u0107 pod\u0142\u0105czenia przez wi-fi , bluettoth, usb, aux. Stan: W pe\u0142ni sprawne w bardzo dobrym stanie. Zapraszam do zakupu Zapraszamy r\u00f3wnie\u017c do zapoznania si\u0119 z innymi naszymi aukcjami pod adresem: komisdebica.olx.pl Ka\u017cdy produkt mo\u017cna obejrze\u0107 lub zakupi\u0107 osobi\u015bcie w naszej filii w D\u0119bicy, przy ulicy&#8230;<\/p>\n","protected":false},"featured_media":45760,"template":"","meta":{"_kad_post_transparent":"default","_kad_post_title":"","_kad_post_layout":"default","_kad_post_sidebar_id":"","_kad_post_content_style":"default","_kad_post_vertical_padding":"default","_kad_post_feature":"","_kad_post_feature_position":"","_kad_post_header":false,"_kad_post_footer":false,"_kad_post_classname":""},"product_brand":[],"product_cat":[18],"product_tag":[40,63],"class_list":{"0":"post-45759","1":"product","2":"type-product","3":"status-publish","4":"has-post-thumbnail","6":"product_cat-elektr","7":"product_tag-debica","8":"product_tag-rzeszowska-75f","9":"product_shipping_class-debica","11":"first","12":"instock","13":"shipping-taxable","14":"purchasable","15":"product-type-simple","16":"entry","17":"content-bg","18":"loop-entry"},"_links":{"self":[{"href":"https:\/\/komismadej.pl\/wp\/index.php?rest_route=\/wp\/v2\/product\/45759","targetHints":{"allow":["GET"]}}],"collection":[{"href":"https:\/\/komismadej.pl\/wp\/index.php?rest_route=\/wp\/v2\/product"}],"about":[{"href":"https:\/\/komismadej.pl\/wp\/index.php?rest_route=\/wp\/v2\/types\/product"}],"wp:featuredmedia":[{"embeddable":true,"href":"https:\/\/komismadej.pl\/wp\/index.php?rest_route=\/wp\/v2\/media\/45760"}],"wp:attachment":[{"href":"https:\/\/komismadej.pl\/wp\/index.php?rest_route=%2Fwp%2Fv2%2Fmedia&parent=45759"}],"wp:term":[{"taxonomy":"product_brand","embeddable":true,"href":"https:\/\/komismadej.pl\/wp\/index.php?rest_route=%2Fwp%2Fv2%2Fproduct_brand&post=45759"},{"taxonomy":"product_cat","embeddable":true,"href":"https:\/\/komismadej.pl\/wp\/index.php?rest_route=%2Fwp%2Fv2%2Fproduct_cat&post=45759"},{"taxonomy":"product_tag","embeddable":true,"href":"https:\/\/komismadej.pl\/wp\/index.php?rest_route=%2Fwp%2Fv2%2Fproduct_tag&post=45759"}],"curies":[{"name":"wp","href":"https:\/\/api.w.org\/{rel}","templated":true}]}}