{"id":44588,"date":"2026-02-16T14:36:45","date_gmt":"2026-02-16T13:36:45","guid":{"rendered":"https:\/\/komismadej.pl\/wp\/?post_type=product&#038;p=44588"},"modified":"2026-03-14T18:37:56","modified_gmt":"2026-03-14T17:37:56","slug":"agregat-pradotworczy-blackhagen-ttd-pg4000-l-komis-krosno-betleja","status":"publish","type":"product","link":"https:\/\/komismadej.pl\/wp\/?product=agregat-pradotworczy-blackhagen-ttd-pg4000-l-komis-krosno-betleja","title":{"rendered":"Agregat pr\u0105dotw\u00f3rczy Black&amp;Hagen TTD-PG4000-L Komis Krosno Betleja"},"content":{"rendered":"<p><span style=\"color: #002f34\"><span style=\"font-family: Geomanist, Arial, sans-serif\"><span style=\"font-size: medium\">Na sprzeda\u017c: Agregat pr\u0105dotw\u00f3rczy Black&amp;Hagen TTD-PG4000-L<\/span><\/span><\/span><\/p>\n<p><span style=\"color: #002f34\"><span style=\"font-family: Geomanist, Arial, sans-serif\"><span style=\"font-size: medium\">Stan widoczny na zdj\u0119ciach.<\/span><\/span><\/span><\/p>\n<p><span style=\"color: #002f34\"><span style=\"font-family: Geomanist, Arial, sans-serif\"><span style=\"font-size: medium\">Pe\u0142na specyfikacja na stronie producenta.<\/span><\/span><\/span><\/p>\n<p><span style=\"color: #002f34\"><span style=\"font-family: Geomanist, Arial, sans-serif\"><span style=\"font-size: medium\">Zapraszamy na inne nasze og\u0142oszenia!<\/span><\/span><\/span><\/p>\n<p><span style=\"color: #002f34\"><span style=\"font-family: Geomanist, Arial, sans-serif\"><span style=\"font-size: medium\">Odwied\u017a nasz\u0105 stron\u0119:<\/span><\/span><\/span><br \/>\n<span style=\"color: #002f34\"><span style=\"font-family: Geomanist, Arial, sans-serif\"><span style=\"font-size: medium\">komismadej.pl<\/span><\/span><\/span><\/p>\n<p><span style=\"color: #002f34\"><span style=\"font-family: Geomanist, Arial, sans-serif\"><span style=\"font-size: medium\">Zapraszamy do obejrzenia:<\/span><\/span><\/span><br \/>\n<span style=\"color: #002f34\"><span style=\"font-family: Geomanist, Arial, sans-serif\"><span style=\"font-size: medium\">KOMIS Madej S.C<\/span><\/span><\/span><br \/>\n<span style=\"color: #002f34\"><span style=\"font-family: Geomanist, Arial, sans-serif\"><span style=\"font-size: medium\">ul. Betleja 1<\/span><\/span><\/span><br \/>\n<span style=\"color: #002f34\"><span style=\"font-family: Geomanist, Arial, sans-serif\"><span style=\"font-size: medium\">38-400 Krosno<\/span><\/span><\/span><br \/>\n<span style=\"color: #002f34\"><span style=\"font-family: Geomanist, Arial, sans-serif\"><span style=\"font-size: medium\">Czynne: PN-PT: 9-17, SB: 9-13<\/span><\/span><\/span><\/p>\n","protected":false},"excerpt":{"rendered":"<p>Na sprzeda\u017c: Agregat pr\u0105dotw\u00f3rczy Black&amp;Hagen TTD-PG4000-L Stan widoczny na zdj\u0119ciach. Pe\u0142na specyfikacja na stronie producenta. Zapraszamy na inne nasze og\u0142oszenia! Odwied\u017a nasz\u0105 stron\u0119: komismadej.pl Zapraszamy do obejrzenia: KOMIS Madej S.C ul. Betleja 1 38-400 Krosno Czynne: PN-PT: 9-17, SB: 9-13<\/p>\n","protected":false},"featured_media":44589,"template":"","meta":{"_kad_post_transparent":"default","_kad_post_title":"","_kad_post_layout":"default","_kad_post_sidebar_id":"","_kad_post_content_style":"default","_kad_post_vertical_padding":"default","_kad_post_feature":"","_kad_post_feature_position":"","_kad_post_header":false,"_kad_post_footer":false,"_kad_post_classname":""},"product_brand":[],"product_cat":[25,19],"product_tag":[88,85],"class_list":{"0":"post-44588","1":"product","2":"type-product","3":"status-publish","4":"has-post-thumbnail","6":"product_cat-inne","7":"product_cat-narz","8":"product_tag-betleja-1","9":"product_tag-krosno","11":"first","12":"instock","13":"sale","14":"shipping-taxable","15":"purchasable","16":"product-type-simple","17":"entry","18":"content-bg","19":"loop-entry"},"_links":{"self":[{"href":"https:\/\/komismadej.pl\/wp\/index.php?rest_route=\/wp\/v2\/product\/44588","targetHints":{"allow":["GET"]}}],"collection":[{"href":"https:\/\/komismadej.pl\/wp\/index.php?rest_route=\/wp\/v2\/product"}],"about":[{"href":"https:\/\/komismadej.pl\/wp\/index.php?rest_route=\/wp\/v2\/types\/product"}],"wp:featuredmedia":[{"embeddable":true,"href":"https:\/\/komismadej.pl\/wp\/index.php?rest_route=\/wp\/v2\/media\/44589"}],"wp:attachment":[{"href":"https:\/\/komismadej.pl\/wp\/index.php?rest_route=%2Fwp%2Fv2%2Fmedia&parent=44588"}],"wp:term":[{"taxonomy":"product_brand","embeddable":true,"href":"https:\/\/komismadej.pl\/wp\/index.php?rest_route=%2Fwp%2Fv2%2Fproduct_brand&post=44588"},{"taxonomy":"product_cat","embeddable":true,"href":"https:\/\/komismadej.pl\/wp\/index.php?rest_route=%2Fwp%2Fv2%2Fproduct_cat&post=44588"},{"taxonomy":"product_tag","embeddable":true,"href":"https:\/\/komismadej.pl\/wp\/index.php?rest_route=%2Fwp%2Fv2%2Fproduct_tag&post=44588"}],"curies":[{"name":"wp","href":"https:\/\/api.w.org\/{rel}","templated":true}]}}