{"id":44179,"date":"2026-02-06T15:09:52","date_gmt":"2026-02-06T14:09:52","guid":{"rendered":"https:\/\/komismadej.pl\/wp\/?post_type=product&#038;p=44179"},"modified":"2026-04-14T18:10:28","modified_gmt":"2026-04-14T16:10:28","slug":"powerbank-xiaomi-165w-max-10000-komis-madej-tarnow","status":"publish","type":"product","link":"https:\/\/komismadej.pl\/wp\/?product=powerbank-xiaomi-165w-max-10000-komis-madej-tarnow","title":{"rendered":"Powerbank Xiaomi 165W MAX 10000 Komis Madej Tarn\u00f3w"},"content":{"rendered":"<p>Powerbank Xiaomi o mocy 165W u\u017cywany sprawny. Pojemno\u015b\u0107 10000. Idealny towarzysz podr\u00f3\u017cy i codziennego u\u017cytku. Szybkie \u0142adowanie wszystkich urz\u0105dze\u0144 elektronicznych. Niezawodna i por\u0119czna opcja dla zapewnienia dodatkowej energii w ka\u017cdej sytuacji. Posiada integralny przew\u00f3d USB C oraz gniazdo USB C.<\/p>\n<p>Z powodu du\u017cej rotacji towaru przed przyjazdem i zakupem prosz\u0119 o kontakt w celu sprawdzenia dost\u0119pno\u015bci produktu.<\/p>\n<p>MADEJ SC KOMIS-GOT\u00d3WKA OD R\u0118KI<br \/>\nul.S\u0142oneczna 56c<br \/>\n33-100 Tarn\u00f3w<br \/>\n(obok sklepu \u017cabka ]<br \/>\nZ powodu du\u017cej ilo\u015bci klient\u00f3w kontakt w pewnych godzinach mo\u017ce by\u0107 czasami utrudniony za co przepraszamy i prosimy o kolejn\u0105 pr\u00f3b\u0119.<\/p>\n<p>Godziny otwarcia:<br \/>\nPON-SOB 08:00-20:00<br \/>\nNIEDZIELA: NIECZYNNE<br \/>\nZAPRASZAMY!<\/p>\n","protected":false},"excerpt":{"rendered":"<p>Powerbank Xiaomi o mocy 165W u\u017cywany sprawny. Pojemno\u015b\u0107 10000. Idealny towarzysz podr\u00f3\u017cy i codziennego u\u017cytku. Szybkie \u0142adowanie wszystkich urz\u0105dze\u0144 elektronicznych. Niezawodna i por\u0119czna opcja dla zapewnienia dodatkowej energii w ka\u017cdej sytuacji. Posiada integralny przew\u00f3d USB C oraz gniazdo USB C. Z powodu du\u017cej rotacji towaru przed przyjazdem i zakupem prosz\u0119 o kontakt w celu sprawdzenia&#8230;<\/p>\n","protected":false},"featured_media":44180,"template":"","meta":{"_kad_post_transparent":"default","_kad_post_title":"","_kad_post_layout":"default","_kad_post_sidebar_id":"","_kad_post_content_style":"default","_kad_post_vertical_padding":"default","_kad_post_feature":"","_kad_post_feature_position":"","_kad_post_header":false,"_kad_post_footer":false,"_kad_post_classname":""},"product_brand":[],"product_cat":[18],"product_tag":[54,39],"class_list":{"0":"post-44179","1":"product","2":"type-product","3":"status-publish","4":"has-post-thumbnail","6":"product_cat-elektr","7":"product_tag-sloneczna-56c","8":"product_tag-tarnow","9":"product_shipping_class-tarnow","11":"first","12":"instock","13":"sale","14":"shipping-taxable","15":"purchasable","16":"product-type-simple","17":"entry","18":"content-bg","19":"loop-entry"},"_links":{"self":[{"href":"https:\/\/komismadej.pl\/wp\/index.php?rest_route=\/wp\/v2\/product\/44179","targetHints":{"allow":["GET"]}}],"collection":[{"href":"https:\/\/komismadej.pl\/wp\/index.php?rest_route=\/wp\/v2\/product"}],"about":[{"href":"https:\/\/komismadej.pl\/wp\/index.php?rest_route=\/wp\/v2\/types\/product"}],"wp:featuredmedia":[{"embeddable":true,"href":"https:\/\/komismadej.pl\/wp\/index.php?rest_route=\/wp\/v2\/media\/44180"}],"wp:attachment":[{"href":"https:\/\/komismadej.pl\/wp\/index.php?rest_route=%2Fwp%2Fv2%2Fmedia&parent=44179"}],"wp:term":[{"taxonomy":"product_brand","embeddable":true,"href":"https:\/\/komismadej.pl\/wp\/index.php?rest_route=%2Fwp%2Fv2%2Fproduct_brand&post=44179"},{"taxonomy":"product_cat","embeddable":true,"href":"https:\/\/komismadej.pl\/wp\/index.php?rest_route=%2Fwp%2Fv2%2Fproduct_cat&post=44179"},{"taxonomy":"product_tag","embeddable":true,"href":"https:\/\/komismadej.pl\/wp\/index.php?rest_route=%2Fwp%2Fv2%2Fproduct_tag&post=44179"}],"curies":[{"name":"wp","href":"https:\/\/api.w.org\/{rel}","templated":true}]}}