{"id":44134,"date":"2026-02-03T16:44:02","date_gmt":"2026-02-03T15:44:02","guid":{"rendered":"https:\/\/komismadej.pl\/wp\/?post_type=product&#038;p=44134"},"modified":"2026-04-11T10:02:37","modified_gmt":"2026-04-11T08:02:37","slug":"glosniki-logitech-z533-komis-madej-tarnow","status":"publish","type":"product","link":"https:\/\/komismadej.pl\/wp\/?product=glosniki-logitech-z533-komis-madej-tarnow","title":{"rendered":"G\u0142o\u015bniki Logitech Z533 Komis Madej Tarn\u00f3w"},"content":{"rendered":"<p>G\u0142o\u015bniki Logitech Z533, u\u017cywane sprawne zadbane w bardzo dobrym stanie, idealne np do komputera. \u015awietna jako\u015b\u0107 d\u017awi\u0119ku zapewniaj\u0105ca doskona\u0142e do\u015bwiadczenie audio. Prosty design mocny czysty bass, \u0142atwa obs\u0142uga.<\/p>\n<p>Z powodu du\u017cej rotacji towaru przed przyjazdem i zakupem prosz\u0119 o kontakt w celu sprawdzenia dost\u0119pno\u015bci produktu.<\/p>\n<p>MADEJ SC KOMIS-GOT\u00d3WKA OD R\u0118KI<br \/>\nul.S\u0142oneczna 56c<br \/>\n33-100 Tarn\u00f3w<br \/>\n(obok sklepu \u017cabka ]<br \/>\nZ powodu du\u017cej ilo\u015bci klient\u00f3w kontakt w pewnych godzinach mo\u017ce by\u0107 czasami utrudniony za co przepraszamy i prosimy o kolejn\u0105 pr\u00f3b\u0119.<\/p>\n<p>Godziny otwarcia:<br \/>\nPON-SOB 08:00-20:00<br \/>\nNIEDZIELA: NIECZYNNE<br \/>\nZAPRASZAMY!<\/p>\n","protected":false},"excerpt":{"rendered":"<p>G\u0142o\u015bniki Logitech Z533, u\u017cywane sprawne zadbane w bardzo dobrym stanie, idealne np do komputera. \u015awietna jako\u015b\u0107 d\u017awi\u0119ku zapewniaj\u0105ca doskona\u0142e do\u015bwiadczenie audio. Prosty design mocny czysty bass, \u0142atwa obs\u0142uga. Z powodu du\u017cej rotacji towaru przed przyjazdem i zakupem prosz\u0119 o kontakt w celu sprawdzenia dost\u0119pno\u015bci produktu. MADEJ SC KOMIS-GOT\u00d3WKA OD R\u0118KI ul.S\u0142oneczna 56c 33-100 Tarn\u00f3w (obok&#8230;<\/p>\n","protected":false},"featured_media":44135,"template":"","meta":{"_kad_post_transparent":"default","_kad_post_title":"","_kad_post_layout":"default","_kad_post_sidebar_id":"","_kad_post_content_style":"default","_kad_post_vertical_padding":"default","_kad_post_feature":"","_kad_post_feature_position":"","_kad_post_header":false,"_kad_post_footer":false,"_kad_post_classname":""},"product_brand":[],"product_cat":[18],"product_tag":[54,39],"class_list":{"0":"post-44134","1":"product","2":"type-product","3":"status-publish","4":"has-post-thumbnail","6":"product_cat-elektr","7":"product_tag-sloneczna-56c","8":"product_tag-tarnow","9":"product_shipping_class-tarnow","11":"first","12":"instock","13":"sale","14":"shipping-taxable","15":"purchasable","16":"product-type-simple","17":"entry","18":"content-bg","19":"loop-entry"},"_links":{"self":[{"href":"https:\/\/komismadej.pl\/wp\/index.php?rest_route=\/wp\/v2\/product\/44134","targetHints":{"allow":["GET"]}}],"collection":[{"href":"https:\/\/komismadej.pl\/wp\/index.php?rest_route=\/wp\/v2\/product"}],"about":[{"href":"https:\/\/komismadej.pl\/wp\/index.php?rest_route=\/wp\/v2\/types\/product"}],"wp:featuredmedia":[{"embeddable":true,"href":"https:\/\/komismadej.pl\/wp\/index.php?rest_route=\/wp\/v2\/media\/44135"}],"wp:attachment":[{"href":"https:\/\/komismadej.pl\/wp\/index.php?rest_route=%2Fwp%2Fv2%2Fmedia&parent=44134"}],"wp:term":[{"taxonomy":"product_brand","embeddable":true,"href":"https:\/\/komismadej.pl\/wp\/index.php?rest_route=%2Fwp%2Fv2%2Fproduct_brand&post=44134"},{"taxonomy":"product_cat","embeddable":true,"href":"https:\/\/komismadej.pl\/wp\/index.php?rest_route=%2Fwp%2Fv2%2Fproduct_cat&post=44134"},{"taxonomy":"product_tag","embeddable":true,"href":"https:\/\/komismadej.pl\/wp\/index.php?rest_route=%2Fwp%2Fv2%2Fproduct_tag&post=44134"}],"curies":[{"name":"wp","href":"https:\/\/api.w.org\/{rel}","templated":true}]}}