{"id":43917,"date":"2026-01-28T18:03:20","date_gmt":"2026-01-28T17:03:20","guid":{"rendered":"https:\/\/komismadej.pl\/wp\/?post_type=product&#038;p=43917"},"modified":"2026-03-31T18:55:57","modified_gmt":"2026-03-31T16:55:57","slug":"pila-tarczowa-matrix-trs-1200-56-komis-madej-tarnow","status":"publish","type":"product","link":"https:\/\/komismadej.pl\/wp\/?product=pila-tarczowa-matrix-trs-1200-56-komis-madej-tarnow","title":{"rendered":"Pi\u0142a tarczowa MATRIX TRS-1200-56 komis Madej Tarn\u00f3w"},"content":{"rendered":"<p>Pi\u0142a u\u017cywana, w pe\u0142ni sprawna. Stan bardzo dobry.<br \/>\nMatrix TRS 1200\u201156 \u2014 to pilarka tarczowa typu zag\u0142\u0119biarka czyli elektryczna pi\u0142a z funkcj\u0105 zag\u0142\u0119biania ostrza w materiale (cz\u0119sto u\u017cywana do ci\u0119cia drewna, p\u0142yt meblowych i innych materia\u0142\u00f3w drewnopochodnych z u\u017cyciem prowadnicy) marki Matrix.<br \/>\nNajwa\u017cniejsze cechy techniczne<br \/>\nMoc: ok. 1200\u202fW<br \/>\nNapi\u0119cie zasilania: 230\u202fV \/ 50\u202fHz<br \/>\n\u015arednica tarczy: 165\u202fmm<br \/>\n\u015arednica otworu tarczy: ok. 20\u202fmm<br \/>\nPr\u0119dko\u015b\u0107 obrotowa biegu ja\u0142owego: ok. 5200\u202fobr\/min<\/p>\n<p>Maksymalna g\u0142\u0119boko\u015b\u0107 ci\u0119cia:<br \/>\n&#8211; 56\u202fmm przy 90\u00b0,<br \/>\n&#8211; ok. 42\u202fmm przy 45\u00b0<br \/>\nRegulacja k\u0105ta ci\u0119cia: 0\u202f\u2013\u202f45\u00b0<br \/>\nUchwyt: ergonomiczny Soft\u2011Grip<\/p>\n<p>Z powodu du\u017cej rotacji towaru przed przyjazdem i zakupem prosz\u0119 o kontakt w celu sprawdzenia dost\u0119pno\u015bci produktu.<\/p>\n<p>MADEJ SC KOMIS-GOT\u00d3WKA OD R\u0118KI<br \/>\nul.S\u0142oneczna 56c<br \/>\n33-100 Tarn\u00f3w<br \/>\n(obok sklepu \u017cabka ]<br \/>\nTEL: 14*62*72*483<br \/>\nkom 511*887*869<br \/>\nZ powodu du\u017cej ilo\u015bci klient\u00f3w kontakt w pewnych godzinach mo\u017ce by\u0107 czasami utrudniony za co przepraszamy i prosimy o kolejn\u0105 pr\u00f3b\u0119.<\/p>\n<p>Godziny otwarcia:<br \/>\nPON-SOB 08:00-20:00<br \/>\nNIEDZIELA: NIECZYNNE<br \/>\nZAPRASZAMY!<\/p>\n","protected":false},"excerpt":{"rendered":"<p>Pi\u0142a u\u017cywana, w pe\u0142ni sprawna. Stan bardzo dobry. Matrix TRS 1200\u201156 \u2014 to pilarka tarczowa typu zag\u0142\u0119biarka czyli elektryczna pi\u0142a z funkcj\u0105 zag\u0142\u0119biania ostrza w materiale (cz\u0119sto u\u017cywana do ci\u0119cia drewna, p\u0142yt meblowych i innych materia\u0142\u00f3w drewnopochodnych z u\u017cyciem prowadnicy) marki Matrix. Najwa\u017cniejsze cechy techniczne Moc: ok. 1200\u202fW Napi\u0119cie zasilania: 230\u202fV \/ 50\u202fHz \u015arednica tarczy:&#8230;<\/p>\n","protected":false},"featured_media":43920,"template":"","meta":{"_kad_post_transparent":"default","_kad_post_title":"","_kad_post_layout":"default","_kad_post_sidebar_id":"","_kad_post_content_style":"default","_kad_post_vertical_padding":"default","_kad_post_feature":"","_kad_post_feature_position":"","_kad_post_header":false,"_kad_post_footer":false,"_kad_post_classname":""},"product_brand":[],"product_cat":[19],"product_tag":[54,39],"class_list":{"0":"post-43917","1":"product","2":"type-product","3":"status-publish","4":"has-post-thumbnail","6":"product_cat-narz","7":"product_tag-sloneczna-56c","8":"product_tag-tarnow","9":"product_shipping_class-tarnow","11":"first","12":"instock","13":"sale","14":"shipping-taxable","15":"purchasable","16":"product-type-simple","17":"entry","18":"content-bg","19":"loop-entry"},"_links":{"self":[{"href":"https:\/\/komismadej.pl\/wp\/index.php?rest_route=\/wp\/v2\/product\/43917","targetHints":{"allow":["GET"]}}],"collection":[{"href":"https:\/\/komismadej.pl\/wp\/index.php?rest_route=\/wp\/v2\/product"}],"about":[{"href":"https:\/\/komismadej.pl\/wp\/index.php?rest_route=\/wp\/v2\/types\/product"}],"wp:featuredmedia":[{"embeddable":true,"href":"https:\/\/komismadej.pl\/wp\/index.php?rest_route=\/wp\/v2\/media\/43920"}],"wp:attachment":[{"href":"https:\/\/komismadej.pl\/wp\/index.php?rest_route=%2Fwp%2Fv2%2Fmedia&parent=43917"}],"wp:term":[{"taxonomy":"product_brand","embeddable":true,"href":"https:\/\/komismadej.pl\/wp\/index.php?rest_route=%2Fwp%2Fv2%2Fproduct_brand&post=43917"},{"taxonomy":"product_cat","embeddable":true,"href":"https:\/\/komismadej.pl\/wp\/index.php?rest_route=%2Fwp%2Fv2%2Fproduct_cat&post=43917"},{"taxonomy":"product_tag","embeddable":true,"href":"https:\/\/komismadej.pl\/wp\/index.php?rest_route=%2Fwp%2Fv2%2Fproduct_tag&post=43917"}],"curies":[{"name":"wp","href":"https:\/\/api.w.org\/{rel}","templated":true}]}}