{"id":35863,"date":"2025-09-11T09:33:28","date_gmt":"2025-09-11T07:33:28","guid":{"rendered":"https:\/\/komismadej.pl\/wp\/?post_type=product&#038;p=35863"},"modified":"2026-04-15T14:11:17","modified_gmt":"2026-04-15T12:11:17","slug":"robot-kuchenny-h-koenig-mx18-800w-jaslo-igielna","status":"publish","type":"product","link":"https:\/\/komismadej.pl\/wp\/?product=robot-kuchenny-h-koenig-mx18-800w-jaslo-igielna","title":{"rendered":"Robot kuchenny H.Koenig MX18 800W Jas\u0142o Igielna"},"content":{"rendered":"<p>Do sprzedania nieu\u017cywany robot kuchenny H.Koenig MX18. Urz\u0105dzenie powystawowe, bez gwarancji producenta. Na obudowie ryski.<br \/>\nMoc 800W<br \/>\nFunkcje: blender, rozdrabnianie, mieszanie, szatkowanie, tarcie, ci\u0119cie frytek i na plasterki, mieszanie.<\/p>\n<p>Wi\u0119cej informacji na stronie producenta.<\/p>\n<p>Sprzedaj\u0119 to co na zdj\u0119ciach.<\/p>\n<p>Mo\u017cliwa wysy\u0142ka \u2013 pobranie 27 z\u0142<\/p>\n<p>Do ka\u017cdego zakupy wystawiamy paragon, lub na \u017cyczenie klienta wystawiana jest Faktura procedura mar\u017cy &#8211; towary u\u017cywane.<\/p>\n<p>Zapraszamy do naszego sklepu:<br \/>\nJas\u0142o ul.Igielna 17 a<\/p>\n<p>Tel.13*44-82*119<br \/>\npn.-pt. 8:00 &#8211; 16:00<br \/>\nsobota 9:00 &#8211; 13:00<\/p>\n","protected":false},"excerpt":{"rendered":"<p>Do sprzedania nieu\u017cywany robot kuchenny H.Koenig MX18. Urz\u0105dzenie powystawowe, bez gwarancji producenta. Na obudowie ryski. Moc 800W Funkcje: blender, rozdrabnianie, mieszanie, szatkowanie, tarcie, ci\u0119cie frytek i na plasterki, mieszanie. Wi\u0119cej informacji na stronie producenta. Sprzedaj\u0119 to co na zdj\u0119ciach. Mo\u017cliwa wysy\u0142ka \u2013 pobranie 27 z\u0142 Do ka\u017cdego zakupy wystawiamy paragon, lub na \u017cyczenie klienta wystawiana&#8230;<\/p>\n","protected":false},"featured_media":35864,"template":"","meta":{"_kad_post_transparent":"default","_kad_post_title":"","_kad_post_layout":"default","_kad_post_sidebar_id":"","_kad_post_content_style":"default","_kad_post_vertical_padding":"default","_kad_post_feature":"","_kad_post_feature_position":"","_kad_post_header":false,"_kad_post_footer":false,"_kad_post_classname":""},"product_brand":[],"product_cat":[20],"product_tag":[91,90],"class_list":{"0":"post-35863","1":"product","2":"type-product","3":"status-publish","4":"has-post-thumbnail","6":"product_cat-dio","7":"product_tag-igielna-17a","8":"product_tag-jaslo","9":"product_shipping_class-igielna","11":"first","12":"instock","13":"sale","14":"shipping-taxable","15":"purchasable","16":"product-type-simple","17":"entry","18":"content-bg","19":"loop-entry"},"_links":{"self":[{"href":"https:\/\/komismadej.pl\/wp\/index.php?rest_route=\/wp\/v2\/product\/35863","targetHints":{"allow":["GET"]}}],"collection":[{"href":"https:\/\/komismadej.pl\/wp\/index.php?rest_route=\/wp\/v2\/product"}],"about":[{"href":"https:\/\/komismadej.pl\/wp\/index.php?rest_route=\/wp\/v2\/types\/product"}],"wp:featuredmedia":[{"embeddable":true,"href":"https:\/\/komismadej.pl\/wp\/index.php?rest_route=\/wp\/v2\/media\/35864"}],"wp:attachment":[{"href":"https:\/\/komismadej.pl\/wp\/index.php?rest_route=%2Fwp%2Fv2%2Fmedia&parent=35863"}],"wp:term":[{"taxonomy":"product_brand","embeddable":true,"href":"https:\/\/komismadej.pl\/wp\/index.php?rest_route=%2Fwp%2Fv2%2Fproduct_brand&post=35863"},{"taxonomy":"product_cat","embeddable":true,"href":"https:\/\/komismadej.pl\/wp\/index.php?rest_route=%2Fwp%2Fv2%2Fproduct_cat&post=35863"},{"taxonomy":"product_tag","embeddable":true,"href":"https:\/\/komismadej.pl\/wp\/index.php?rest_route=%2Fwp%2Fv2%2Fproduct_tag&post=35863"}],"curies":[{"name":"wp","href":"https:\/\/api.w.org\/{rel}","templated":true}]}}