{"id":28923,"date":"2025-06-04T12:25:48","date_gmt":"2025-06-04T10:25:48","guid":{"rendered":"https:\/\/komismadej.pl\/wp\/?post_type=product&#038;p=28923"},"modified":"2026-03-11T14:48:50","modified_gmt":"2026-03-11T13:48:50","slug":"sosjerka-z-podstawka-cmielow-komis-madej-tarnow","status":"publish","type":"product","link":"https:\/\/komismadej.pl\/wp\/?product=sosjerka-z-podstawka-cmielow-komis-madej-tarnow","title":{"rendered":"Sosjerka z podstawk\u0105 \u0106miel\u00f3w komis Madej Tarn\u00f3w"},"content":{"rendered":"<p>Sosjerka w bardo dobrym stanie. Podstawka w jednym miejscu jest uszczerbiona.<\/p>\n<p>Z powodu du\u017cej rotacji towaru przed przyjazdem i zakupem prosz\u0119 o kontakt w celu sprawdzenia dost\u0119pno\u015bci produktu.<\/p>\n<p>MADEJ SC KOMIS-GOT\u00d3WKA OD R\u0118KI<br \/>\nul.S\u0142oneczna 56c<br \/>\n33-100 Tarn\u00f3w<br \/>\n(obok sklepu \u017cabka ]<br \/>\nTEL: 14*62*72*483<br \/>\nkom 51*******69<br \/>\nZ powodu du\u017cej ilo\u015bci klient\u00f3w kontakt w pewnych godzinach mo\u017ce by\u0107 czasami utrudniony za co przepraszamy i prosimy o kolejn\u0105 pr\u00f3b\u0119.<\/p>\n<p>Godziny otwarcia:<br \/>\nPON-SOB 08:00-20:00<br \/>\nNIEDZIELA: NIECZYNNE<br \/>\nZAPRASZAMY!<\/p>\n","protected":false},"excerpt":{"rendered":"<p>Sosjerka w bardo dobrym stanie. Podstawka w jednym miejscu jest uszczerbiona. Z powodu du\u017cej rotacji towaru przed przyjazdem i zakupem prosz\u0119 o kontakt w celu sprawdzenia dost\u0119pno\u015bci produktu. MADEJ SC KOMIS-GOT\u00d3WKA OD R\u0118KI ul.S\u0142oneczna 56c 33-100 Tarn\u00f3w (obok sklepu \u017cabka ] TEL: 14*62*72*483 kom 51*******69 Z powodu du\u017cej ilo\u015bci klient\u00f3w kontakt w pewnych godzinach mo\u017ce&#8230;<\/p>\n","protected":false},"featured_media":28924,"template":"","meta":{"_kad_post_transparent":"default","_kad_post_title":"","_kad_post_layout":"default","_kad_post_sidebar_id":"","_kad_post_content_style":"default","_kad_post_vertical_padding":"default","_kad_post_feature":"","_kad_post_feature_position":"","_kad_post_header":false,"_kad_post_footer":false,"_kad_post_classname":""},"product_brand":[],"product_cat":[109],"product_tag":[54,39],"class_list":{"0":"post-28923","1":"product","2":"type-product","3":"status-publish","4":"has-post-thumbnail","6":"product_cat-porcelana","7":"product_tag-sloneczna-56c","8":"product_tag-tarnow","9":"product_shipping_class-tarnow","11":"first","12":"instock","13":"shipping-taxable","14":"purchasable","15":"product-type-simple","16":"entry","17":"content-bg","18":"loop-entry"},"_links":{"self":[{"href":"https:\/\/komismadej.pl\/wp\/index.php?rest_route=\/wp\/v2\/product\/28923","targetHints":{"allow":["GET"]}}],"collection":[{"href":"https:\/\/komismadej.pl\/wp\/index.php?rest_route=\/wp\/v2\/product"}],"about":[{"href":"https:\/\/komismadej.pl\/wp\/index.php?rest_route=\/wp\/v2\/types\/product"}],"wp:featuredmedia":[{"embeddable":true,"href":"https:\/\/komismadej.pl\/wp\/index.php?rest_route=\/wp\/v2\/media\/28924"}],"wp:attachment":[{"href":"https:\/\/komismadej.pl\/wp\/index.php?rest_route=%2Fwp%2Fv2%2Fmedia&parent=28923"}],"wp:term":[{"taxonomy":"product_brand","embeddable":true,"href":"https:\/\/komismadej.pl\/wp\/index.php?rest_route=%2Fwp%2Fv2%2Fproduct_brand&post=28923"},{"taxonomy":"product_cat","embeddable":true,"href":"https:\/\/komismadej.pl\/wp\/index.php?rest_route=%2Fwp%2Fv2%2Fproduct_cat&post=28923"},{"taxonomy":"product_tag","embeddable":true,"href":"https:\/\/komismadej.pl\/wp\/index.php?rest_route=%2Fwp%2Fv2%2Fproduct_tag&post=28923"}],"curies":[{"name":"wp","href":"https:\/\/api.w.org\/{rel}","templated":true}]}}