{"id":25321,"date":"2025-04-30T13:10:04","date_gmt":"2025-04-30T11:10:04","guid":{"rendered":"https:\/\/komismadej.pl\/wp\/?post_type=product&#038;p=25321"},"modified":"2026-03-14T18:38:35","modified_gmt":"2026-03-14T17:38:35","slug":"skorzany-kombinezon-motocyklowy-redblack-komis-krosno-betleja","status":"publish","type":"product","link":"https:\/\/komismadej.pl\/wp\/?product=skorzany-kombinezon-motocyklowy-redblack-komis-krosno-betleja","title":{"rendered":"Sk\u00f3rzany kombinezon motocyklowy RED&amp;BLACK Komis Krosno Betleja"},"content":{"rendered":"<p><span style=\"color: #002f34\"><span style=\"font-family: Geomanist, Arial, sans-serif\"><span style=\"font-size: medium\">Na sprzeda\u017c: Sk\u00f3rzany kombinezon motocyklowy RED&amp;BLACK<\/span><\/span><\/span><\/p>\n<p><span style=\"color: #002f34\"><span style=\"font-family: Geomanist, Arial, sans-serif\"><span style=\"font-size: medium\">Stan widoczny na zdj\u0119ciach.<\/span><\/span><\/span><\/p>\n<p><span style=\"color: #002f34\"><span style=\"font-family: Geomanist, Arial, sans-serif\"><span style=\"font-size: medium\">Pe\u0142na specyfikacja na stronie producenta.<\/span><\/span><\/span><\/p>\n<p><span style=\"color: #002f34\"><span style=\"font-family: Geomanist, Arial, sans-serif\"><span style=\"font-size: medium\">Zapraszamy do obejrzenia:<\/span><\/span><\/span><br \/>\n<span style=\"color: #002f34\"><span style=\"font-family: Geomanist, Arial, sans-serif\"><span style=\"font-size: medium\">KOMIS Madej S.C<\/span><\/span><\/span><br \/>\n<span style=\"color: #002f34\"><span style=\"font-family: Geomanist, Arial, sans-serif\"><span style=\"font-size: medium\">ul. Betleja 1<\/span><\/span><\/span><br \/>\n<span style=\"color: #002f34\"><span style=\"font-family: Geomanist, Arial, sans-serif\"><span style=\"font-size: medium\">38-400 Krosno<\/span><\/span><\/span><br \/>\n<span style=\"color: #002f34\"><span style=\"font-family: Geomanist, Arial, sans-serif\"><span style=\"font-size: medium\">Czynne: PN-PT: 9-17, SB: 9-13<\/span><\/span><\/span><\/p>\n<p>Tel.: 13 420 00 78<\/p>\n","protected":false},"excerpt":{"rendered":"<p>Na sprzeda\u017c: Sk\u00f3rzany kombinezon motocyklowy RED&amp;BLACK Stan widoczny na zdj\u0119ciach. Pe\u0142na specyfikacja na stronie producenta. Zapraszamy do obejrzenia: KOMIS Madej S.C ul. Betleja 1 38-400 Krosno Czynne: PN-PT: 9-17, SB: 9-13 Tel.: 13 420 00 78<\/p>\n","protected":false},"featured_media":25323,"template":"","meta":{"_kad_post_transparent":"default","_kad_post_title":"","_kad_post_layout":"default","_kad_post_sidebar_id":"","_kad_post_content_style":"default","_kad_post_vertical_padding":"default","_kad_post_feature":"","_kad_post_feature_position":"","_kad_post_header":false,"_kad_post_footer":false,"_kad_post_classname":""},"product_brand":[],"product_cat":[21,76],"product_tag":[88,85],"class_list":{"0":"post-25321","1":"product","2":"type-product","3":"status-publish","4":"has-post-thumbnail","6":"product_cat-moto","7":"product_cat-odziez-i-obuwie","8":"product_tag-betleja-1","9":"product_tag-krosno","10":"product_shipping_class-betleja","12":"first","13":"instock","14":"sale","15":"shipping-taxable","16":"purchasable","17":"product-type-simple","18":"entry","19":"content-bg","20":"loop-entry"},"_links":{"self":[{"href":"https:\/\/komismadej.pl\/wp\/index.php?rest_route=\/wp\/v2\/product\/25321","targetHints":{"allow":["GET"]}}],"collection":[{"href":"https:\/\/komismadej.pl\/wp\/index.php?rest_route=\/wp\/v2\/product"}],"about":[{"href":"https:\/\/komismadej.pl\/wp\/index.php?rest_route=\/wp\/v2\/types\/product"}],"wp:featuredmedia":[{"embeddable":true,"href":"https:\/\/komismadej.pl\/wp\/index.php?rest_route=\/wp\/v2\/media\/25323"}],"wp:attachment":[{"href":"https:\/\/komismadej.pl\/wp\/index.php?rest_route=%2Fwp%2Fv2%2Fmedia&parent=25321"}],"wp:term":[{"taxonomy":"product_brand","embeddable":true,"href":"https:\/\/komismadej.pl\/wp\/index.php?rest_route=%2Fwp%2Fv2%2Fproduct_brand&post=25321"},{"taxonomy":"product_cat","embeddable":true,"href":"https:\/\/komismadej.pl\/wp\/index.php?rest_route=%2Fwp%2Fv2%2Fproduct_cat&post=25321"},{"taxonomy":"product_tag","embeddable":true,"href":"https:\/\/komismadej.pl\/wp\/index.php?rest_route=%2Fwp%2Fv2%2Fproduct_tag&post=25321"}],"curies":[{"name":"wp","href":"https:\/\/api.w.org\/{rel}","templated":true}]}}