{"id":2392,"date":"2024-07-23T12:17:58","date_gmt":"2024-07-23T10:17:58","guid":{"rendered":"https:\/\/komismadej.pl\/wp\/?post_type=product&#038;p=2392"},"modified":"2026-03-14T18:09:14","modified_gmt":"2026-03-14T17:09:14","slug":"smartwatch-maxcom-aurum-pro-gorlice","status":"publish","type":"product","link":"https:\/\/komismadej.pl\/wp\/?product=smartwatch-maxcom-aurum-pro-gorlice","title":{"rendered":"Smartwatch Maxcom Aurum Pro * Gorlice"},"content":{"rendered":"<p>Smartwatch u\u017cywany, w bardzo dobrym stanie wizualnym<br \/>\nSprawny technicznie<br \/>\nW zestawie z pude\u0142kiem oraz \u0142adowark\u0105<\/p>\n","protected":false},"excerpt":{"rendered":"<p>Smartwatch u\u017cywany, w bardzo dobrym stanie wizualnym Sprawny technicznie W zestawie z pude\u0142kiem oraz \u0142adowark\u0105<\/p>\n","protected":false},"featured_media":2393,"template":"","meta":{"_kad_post_transparent":"default","_kad_post_title":"","_kad_post_layout":"default","_kad_post_sidebar_id":"","_kad_post_content_style":"default","_kad_post_vertical_padding":"default","_kad_post_feature":"","_kad_post_feature_position":"","_kad_post_header":false,"_kad_post_footer":false,"_kad_post_classname":""},"product_brand":[],"product_cat":[18],"product_tag":[92],"class_list":{"0":"post-2392","1":"product","2":"type-product","3":"status-publish","4":"has-post-thumbnail","6":"product_cat-elektr","7":"product_tag-mickiewicza-5","8":"product_shipping_class-biecka","10":"first","11":"instock","12":"shipping-taxable","13":"purchasable","14":"product-type-simple","15":"entry","16":"content-bg","17":"loop-entry"},"_links":{"self":[{"href":"https:\/\/komismadej.pl\/wp\/index.php?rest_route=\/wp\/v2\/product\/2392","targetHints":{"allow":["GET"]}}],"collection":[{"href":"https:\/\/komismadej.pl\/wp\/index.php?rest_route=\/wp\/v2\/product"}],"about":[{"href":"https:\/\/komismadej.pl\/wp\/index.php?rest_route=\/wp\/v2\/types\/product"}],"wp:featuredmedia":[{"embeddable":true,"href":"https:\/\/komismadej.pl\/wp\/index.php?rest_route=\/wp\/v2\/media\/2393"}],"wp:attachment":[{"href":"https:\/\/komismadej.pl\/wp\/index.php?rest_route=%2Fwp%2Fv2%2Fmedia&parent=2392"}],"wp:term":[{"taxonomy":"product_brand","embeddable":true,"href":"https:\/\/komismadej.pl\/wp\/index.php?rest_route=%2Fwp%2Fv2%2Fproduct_brand&post=2392"},{"taxonomy":"product_cat","embeddable":true,"href":"https:\/\/komismadej.pl\/wp\/index.php?rest_route=%2Fwp%2Fv2%2Fproduct_cat&post=2392"},{"taxonomy":"product_tag","embeddable":true,"href":"https:\/\/komismadej.pl\/wp\/index.php?rest_route=%2Fwp%2Fv2%2Fproduct_tag&post=2392"}],"curies":[{"name":"wp","href":"https:\/\/api.w.org\/{rel}","templated":true}]}}