{"id":23696,"date":"2025-04-14T14:25:11","date_gmt":"2025-04-14T12:25:11","guid":{"rendered":"https:\/\/komismadej.pl\/wp\/?post_type=product&#038;p=23696"},"modified":"2026-03-14T17:57:18","modified_gmt":"2026-03-14T16:57:18","slug":"wiatrowka-co-2-artemis-modelcp-400-komismadej-pl-gorlice","status":"publish","type":"product","link":"https:\/\/komismadej.pl\/wp\/?product=wiatrowka-co-2-artemis-modelcp-400-komismadej-pl-gorlice","title":{"rendered":"Wiatr\u00f3wka CO 2 ARTEMIS ModelCP 400 &#8211; komismadej.pl Gorlice"},"content":{"rendered":"<p>Do sprzedania Wiatr\u00f3wka CO 2 ARTEMIS Modek CP 400<\/p>\n<p>Wiatr\u00f3wka u\u017cywana. Stan bardzo dobry.<\/p>\n<p>W 100% sprawna technicznie<\/p>\n<p>Przed zakupem prosz\u0119 o kontakt w celu potwierdzenia<br \/>\ndost\u0119pno\u015bci towaru.<\/p>\n<p>Zapraszamy!<\/p>\n<p>Do ka\u017cdego zakupionego przedmiotu, do\u0142\u0105czamy paragon<br \/>\nNa wyra\u017ane \u017cyczenie kupuj\u0105cego, istnieje mo\u017cliwo\u015b\u0107 wystawienia Faktury &#8221; Faktura -procedura mar\u017cy &#8211; towary u\u017cywane&#8221;<\/p>\n<p>Istnieje mo\u017cliwo\u015b\u0107 wysy\u0142ki- przesy\u0142ka kurierska pobraniowa w cenie 29z\u0142<\/p>\n<p>Zapraszamy r\u00f3wnie\u017c do obejrzenia przedmiotu, oraz odbioru osobistego pod adresem:<br \/>\nMADEJ SC KOMIS-SKLEP<br \/>\nul.Mickiewicza 5<br \/>\n38-300 Gorlice<br \/>\nTEL: 18 355-21-22<\/p>\n<p>Godziny otwarcia:<br \/>\nPON-PT 8:30-16:30<br \/>\nSOBOTA 9-13<br \/>\nNIEDZIELA: NIECZYNNE<br \/>\nZAPRASZAMY!<\/p>\n","protected":false},"excerpt":{"rendered":"<p>Do sprzedania Wiatr\u00f3wka CO 2 ARTEMIS Modek CP 400 Wiatr\u00f3wka u\u017cywana. Stan bardzo dobry. W 100% sprawna technicznie Przed zakupem prosz\u0119 o kontakt w celu potwierdzenia dost\u0119pno\u015bci towaru. Zapraszamy! Do ka\u017cdego zakupionego przedmiotu, do\u0142\u0105czamy paragon Na wyra\u017ane \u017cyczenie kupuj\u0105cego, istnieje mo\u017cliwo\u015b\u0107 wystawienia Faktury &#8221; Faktura -procedura mar\u017cy &#8211; towary u\u017cywane&#8221; Istnieje mo\u017cliwo\u015b\u0107 wysy\u0142ki- przesy\u0142ka kurierska&#8230;<\/p>\n","protected":false},"featured_media":23698,"template":"","meta":{"_kad_post_transparent":"default","_kad_post_title":"","_kad_post_layout":"default","_kad_post_sidebar_id":"","_kad_post_content_style":"default","_kad_post_vertical_padding":"default","_kad_post_feature":"","_kad_post_feature_position":"","_kad_post_header":false,"_kad_post_footer":false,"_kad_post_classname":""},"product_brand":[],"product_cat":[23],"product_tag":[89,92],"class_list":{"0":"post-23696","1":"product","2":"type-product","3":"status-publish","4":"has-post-thumbnail","6":"product_cat-sit","7":"product_tag-gorlice","8":"product_tag-mickiewicza-5","9":"product_shipping_class-mickiewicza","11":"first","12":"instock","13":"sale","14":"shipping-taxable","15":"purchasable","16":"product-type-simple","17":"entry","18":"content-bg","19":"loop-entry"},"_links":{"self":[{"href":"https:\/\/komismadej.pl\/wp\/index.php?rest_route=\/wp\/v2\/product\/23696","targetHints":{"allow":["GET"]}}],"collection":[{"href":"https:\/\/komismadej.pl\/wp\/index.php?rest_route=\/wp\/v2\/product"}],"about":[{"href":"https:\/\/komismadej.pl\/wp\/index.php?rest_route=\/wp\/v2\/types\/product"}],"wp:featuredmedia":[{"embeddable":true,"href":"https:\/\/komismadej.pl\/wp\/index.php?rest_route=\/wp\/v2\/media\/23698"}],"wp:attachment":[{"href":"https:\/\/komismadej.pl\/wp\/index.php?rest_route=%2Fwp%2Fv2%2Fmedia&parent=23696"}],"wp:term":[{"taxonomy":"product_brand","embeddable":true,"href":"https:\/\/komismadej.pl\/wp\/index.php?rest_route=%2Fwp%2Fv2%2Fproduct_brand&post=23696"},{"taxonomy":"product_cat","embeddable":true,"href":"https:\/\/komismadej.pl\/wp\/index.php?rest_route=%2Fwp%2Fv2%2Fproduct_cat&post=23696"},{"taxonomy":"product_tag","embeddable":true,"href":"https:\/\/komismadej.pl\/wp\/index.php?rest_route=%2Fwp%2Fv2%2Fproduct_tag&post=23696"}],"curies":[{"name":"wp","href":"https:\/\/api.w.org\/{rel}","templated":true}]}}