{"id":21950,"date":"2025-03-28T09:31:38","date_gmt":"2025-03-28T08:31:38","guid":{"rendered":"https:\/\/komismadej.pl\/wp\/?post_type=product&#038;p=21950"},"modified":"2026-03-14T17:57:19","modified_gmt":"2026-03-14T16:57:19","slug":"deska-snowboardowa-burton-160-komismadej-pl-gorlice","status":"publish","type":"product","link":"https:\/\/komismadej.pl\/wp\/?product=deska-snowboardowa-burton-160-komismadej-pl-gorlice","title":{"rendered":"Deska snowboardowa Burton 160 &#8211; komismadej.pl Gorlice"},"content":{"rendered":"<p>Do sprzedania Deska snowboardowa Burton 160<\/p>\n<p>Deska u\u017cywana. Stan bardzo dobry.<\/p>\n<p>W 100% sprawny technicznie<\/p>\n<p>Przed zakupem prosz\u0119 o kontakt w celu potwierdzenia dost\u0119pno\u015bci towaru.<\/p>\n<p>Zajmujemy si\u0119 skupem szeroko poj\u0119tej elektroniki, elektronarz\u0119dzi, rower\u00f3w, bi\u017cuterii z\u0142otej i nie tylko!<br \/>\nJe\u015bli posiadasz jaki\u015b przedmiot na sprzeda\u017c, skontaktuj si\u0119 z nami przez formularz kontaktowy OLX- okre\u015blimy wst\u0119pnie czy jeste\u015bmy zainteresowani danym sprz\u0119tem, mile widziane zdj\u0119cia towaru,<\/p>\n<p>Zapraszamy!<\/p>\n<p>Do ka\u017cdego zakupionego przedmiotu, do\u0142\u0105czamy paragon<br \/>\nNa wyra\u017ane \u017cyczenie kupuj\u0105cego, istnieje mo\u017cliwo\u015b\u0107 wystawienia Faktury &#8221; Faktura -procedura mar\u017cy &#8211; towary u\u017cywane&#8221;<\/p>\n<p>Istnieje mo\u017cliwo\u015b\u0107 wysy\u0142ki- przesy\u0142ka kurierska pobraniowa w cenie 29z\u0142<\/p>\n<p>Zapraszamy r\u00f3wnie\u017c do obejrzenia przedmiotu, oraz odbioru osobistego pod adresem:<br \/>\nMADEJ SC KOMIS-SKLEP<br \/>\nul.Mickiewicza 5<br \/>\n38-300 Gorlice<br \/>\nTEL: 18 355-21-22<\/p>\n<p>Godziny otwarcia:<br \/>\nPON-PT 8:30-16:30<br \/>\nSOBOTA 9-13<br \/>\nNIEDZIELA: NIECZYNNE<br \/>\nZAPRASZAMY!<\/p>\n","protected":false},"excerpt":{"rendered":"<p>Do sprzedania Deska snowboardowa Burton 160 Deska u\u017cywana. Stan bardzo dobry. W 100% sprawny technicznie Przed zakupem prosz\u0119 o kontakt w celu potwierdzenia dost\u0119pno\u015bci towaru. Zajmujemy si\u0119 skupem szeroko poj\u0119tej elektroniki, elektronarz\u0119dzi, rower\u00f3w, bi\u017cuterii z\u0142otej i nie tylko! Je\u015bli posiadasz jaki\u015b przedmiot na sprzeda\u017c, skontaktuj si\u0119 z nami przez formularz kontaktowy OLX- okre\u015blimy wst\u0119pnie czy&#8230;<\/p>\n","protected":false},"featured_media":21951,"template":"","meta":{"_kad_post_transparent":"default","_kad_post_title":"","_kad_post_layout":"default","_kad_post_sidebar_id":"","_kad_post_content_style":"default","_kad_post_vertical_padding":"default","_kad_post_feature":"","_kad_post_feature_position":"","_kad_post_header":false,"_kad_post_footer":false,"_kad_post_classname":""},"product_brand":[],"product_cat":[23],"product_tag":[89,92],"class_list":{"0":"post-21950","1":"product","2":"type-product","3":"status-publish","4":"has-post-thumbnail","6":"product_cat-sit","7":"product_tag-gorlice","8":"product_tag-mickiewicza-5","9":"product_shipping_class-mickiewicza","11":"first","12":"instock","13":"shipping-taxable","14":"purchasable","15":"product-type-simple","16":"entry","17":"content-bg","18":"loop-entry"},"_links":{"self":[{"href":"https:\/\/komismadej.pl\/wp\/index.php?rest_route=\/wp\/v2\/product\/21950","targetHints":{"allow":["GET"]}}],"collection":[{"href":"https:\/\/komismadej.pl\/wp\/index.php?rest_route=\/wp\/v2\/product"}],"about":[{"href":"https:\/\/komismadej.pl\/wp\/index.php?rest_route=\/wp\/v2\/types\/product"}],"wp:featuredmedia":[{"embeddable":true,"href":"https:\/\/komismadej.pl\/wp\/index.php?rest_route=\/wp\/v2\/media\/21951"}],"wp:attachment":[{"href":"https:\/\/komismadej.pl\/wp\/index.php?rest_route=%2Fwp%2Fv2%2Fmedia&parent=21950"}],"wp:term":[{"taxonomy":"product_brand","embeddable":true,"href":"https:\/\/komismadej.pl\/wp\/index.php?rest_route=%2Fwp%2Fv2%2Fproduct_brand&post=21950"},{"taxonomy":"product_cat","embeddable":true,"href":"https:\/\/komismadej.pl\/wp\/index.php?rest_route=%2Fwp%2Fv2%2Fproduct_cat&post=21950"},{"taxonomy":"product_tag","embeddable":true,"href":"https:\/\/komismadej.pl\/wp\/index.php?rest_route=%2Fwp%2Fv2%2Fproduct_tag&post=21950"}],"curies":[{"name":"wp","href":"https:\/\/api.w.org\/{rel}","templated":true}]}}