{"id":1915,"date":"2024-07-22T11:10:55","date_gmt":"2024-07-22T09:10:55","guid":{"rendered":"https:\/\/komismadej.pl\/wp\/?post_type=product&#038;p=1915"},"modified":"2026-03-14T14:33:17","modified_gmt":"2026-03-14T13:33:17","slug":"bateria-umywalkowa-duro-zafiro-b-09-01bk-nowa","status":"publish","type":"product","link":"https:\/\/komismadej.pl\/wp\/?product=bateria-umywalkowa-duro-zafiro-b-09-01bk-nowa","title":{"rendered":"Bateria Umywalkowa Duro Zafiro B-09.01BK * NOWA"},"content":{"rendered":"<p>Solidna bateria umywalkowa, polskiej firmy Duro, bateria na g\u0142owicy 40mm zapewni d\u0142ugi czas u\u017cytkowania. W komplecie znajdziesz wszystkie potrzebne elementy do monta\u017cu oraz w\u0119\u017cyki. Wszelkie baterie DURO s\u0105 wykonane z wysokiej jako\u015bci chromowanego. Nowoczesne wzornictwo nada Twojej \u0142azience tego &#8222;ostatniego szlifu, dzi\u0119ki czemu ca\u0142o\u015b\u0107 b\u0119dzie idealnie wygl\u0105da\u0107.<br \/>\nOpakowanie zawiera:<\/p>\n<p>Bateria umywalkowa &#8211; 1szt<br \/>\nw\u0119\u017cyki<br \/>\nkomplet monta\u017cowy<\/p>\n","protected":false},"excerpt":{"rendered":"<p>Solidna bateria umywalkowa, polskiej firmy Duro, bateria na g\u0142owicy 40mm zapewni d\u0142ugi czas u\u017cytkowania. W komplecie znajdziesz wszystkie potrzebne elementy do monta\u017cu oraz w\u0119\u017cyki. Wszelkie baterie DURO s\u0105 wykonane z wysokiej jako\u015bci chromowanego. Nowoczesne wzornictwo nada Twojej \u0142azience tego &#8222;ostatniego szlifu, dzi\u0119ki czemu ca\u0142o\u015b\u0107 b\u0119dzie idealnie wygl\u0105da\u0107. Opakowanie zawiera: Bateria umywalkowa &#8211; 1szt w\u0119\u017cyki komplet&#8230;<\/p>\n","protected":false},"featured_media":1916,"template":"","meta":{"_kad_post_transparent":"default","_kad_post_title":"","_kad_post_layout":"default","_kad_post_sidebar_id":"","_kad_post_content_style":"default","_kad_post_vertical_padding":"default","_kad_post_feature":"","_kad_post_feature_position":"","_kad_post_header":false,"_kad_post_footer":false,"_kad_post_classname":""},"product_brand":[],"product_cat":[20],"product_tag":[149,89,83],"class_list":{"0":"post-1915","1":"product","2":"type-product","3":"status-publish","4":"has-post-thumbnail","6":"product_cat-dio","7":"product_tag-biecka-9","8":"product_tag-gorlice","9":"product_tag-gorlice-biecka-9","10":"product_shipping_class-biecka","12":"first","13":"instock","14":"shipping-taxable","15":"purchasable","16":"product-type-simple","17":"entry","18":"content-bg","19":"loop-entry"},"_links":{"self":[{"href":"https:\/\/komismadej.pl\/wp\/index.php?rest_route=\/wp\/v2\/product\/1915","targetHints":{"allow":["GET"]}}],"collection":[{"href":"https:\/\/komismadej.pl\/wp\/index.php?rest_route=\/wp\/v2\/product"}],"about":[{"href":"https:\/\/komismadej.pl\/wp\/index.php?rest_route=\/wp\/v2\/types\/product"}],"wp:featuredmedia":[{"embeddable":true,"href":"https:\/\/komismadej.pl\/wp\/index.php?rest_route=\/wp\/v2\/media\/1916"}],"wp:attachment":[{"href":"https:\/\/komismadej.pl\/wp\/index.php?rest_route=%2Fwp%2Fv2%2Fmedia&parent=1915"}],"wp:term":[{"taxonomy":"product_brand","embeddable":true,"href":"https:\/\/komismadej.pl\/wp\/index.php?rest_route=%2Fwp%2Fv2%2Fproduct_brand&post=1915"},{"taxonomy":"product_cat","embeddable":true,"href":"https:\/\/komismadej.pl\/wp\/index.php?rest_route=%2Fwp%2Fv2%2Fproduct_cat&post=1915"},{"taxonomy":"product_tag","embeddable":true,"href":"https:\/\/komismadej.pl\/wp\/index.php?rest_route=%2Fwp%2Fv2%2Fproduct_tag&post=1915"}],"curies":[{"name":"wp","href":"https:\/\/api.w.org\/{rel}","templated":true}]}}