{"id":1851,"date":"2024-07-22T10:12:56","date_gmt":"2024-07-22T08:12:56","guid":{"rendered":"https:\/\/komismadej.pl\/wp\/?post_type=product&#038;p=1851"},"modified":"2026-03-14T14:33:17","modified_gmt":"2026-03-14T13:33:17","slug":"robot-kuchenny-planetarny-cooking-assistant-nowy-gw24","status":"publish","type":"product","link":"https:\/\/komismadej.pl\/wp\/?product=robot-kuchenny-planetarny-cooking-assistant-nowy-gw24","title":{"rendered":"Robot Kuchenny Planetarny Cooking assistant * NOWY * GW24"},"content":{"rendered":"<p>Robot planetarny Esperanza dysponuje trwa\u0142ym i mocnym silnikiem, dzi\u0119ki czemu poradzi sobie nawet z najwi\u0119kszymi wyzwaniami kuchennymi. Profesjonalna ubijaczka doskonale ubija \u015bmietan\u0119 do deser\u00f3w oraz bia\u0142ka jajek na sztywn\u0105 pian\u0119 do biszkopt\u00f3w, torcik\u00f3w bezowych, gofr\u00f3w i innych wypiek\u00f3w. Chcesz zaskoczy\u0107 go\u015bci domowym makaronem, pizz\u0105 lub \u015bwie\u017co wypieczonym chlebem? \u017baden problem! Ze specjalnym hakiem i trzepaczk\u0105 przygotujesz je w kilka chwil. Ka\u017cdy z nas pami\u0119ta smak domowego ciasta pieczonego przez nasze babcie i nasze mamy. Nasz profesjonalny robot planetarny nadaje si\u0119 do wszelkich domowych wypiek\u00f3w, aby Twoi najbli\u017csi mogli si\u0119 nimi cieszy\u0107.<\/p>\n<p>Informacje o produkcie<br \/>\nLiczba pr\u0119dko\u015bci (AGD) Regulacja p\u0142ynna<br \/>\nTurbo \/ Praca pulsacyjna Tak<br \/>\nZabezpieczenia (roboty kuchenne) Ochrona przed przeci\u0105\u017ceniem<br \/>\nPojemno\u015b\u0107 misy\/pojemnika 4 l<br \/>\nMoc 800 W<br \/>\nD\u0142ugo\u015b\u0107 przewodu zasilaj\u0105cego 100 mm<br \/>\nFunkcje (roboty kuchenne) N\u00f3\u017cki antypo\u015blizgowe<\/p>\n","protected":false},"excerpt":{"rendered":"<p>Robot planetarny Esperanza dysponuje trwa\u0142ym i mocnym silnikiem, dzi\u0119ki czemu poradzi sobie nawet z najwi\u0119kszymi wyzwaniami kuchennymi. Profesjonalna ubijaczka doskonale ubija \u015bmietan\u0119 do deser\u00f3w oraz bia\u0142ka jajek na sztywn\u0105 pian\u0119 do biszkopt\u00f3w, torcik\u00f3w bezowych, gofr\u00f3w i innych wypiek\u00f3w. Chcesz zaskoczy\u0107 go\u015bci domowym makaronem, pizz\u0105 lub \u015bwie\u017co wypieczonym chlebem? \u017baden problem! Ze specjalnym hakiem i trzepaczk\u0105&#8230;<\/p>\n","protected":false},"featured_media":1852,"template":"","meta":{"_kad_post_transparent":"default","_kad_post_title":"","_kad_post_layout":"default","_kad_post_sidebar_id":"","_kad_post_content_style":"default","_kad_post_vertical_padding":"default","_kad_post_feature":"","_kad_post_feature_position":"","_kad_post_header":false,"_kad_post_footer":false,"_kad_post_classname":""},"product_brand":[],"product_cat":[20],"product_tag":[149,89,83],"class_list":{"0":"post-1851","1":"product","2":"type-product","3":"status-publish","4":"has-post-thumbnail","6":"product_cat-dio","7":"product_tag-biecka-9","8":"product_tag-gorlice","9":"product_tag-gorlice-biecka-9","10":"product_shipping_class-biecka","12":"first","13":"instock","14":"shipping-taxable","15":"purchasable","16":"product-type-simple","17":"entry","18":"content-bg","19":"loop-entry"},"_links":{"self":[{"href":"https:\/\/komismadej.pl\/wp\/index.php?rest_route=\/wp\/v2\/product\/1851","targetHints":{"allow":["GET"]}}],"collection":[{"href":"https:\/\/komismadej.pl\/wp\/index.php?rest_route=\/wp\/v2\/product"}],"about":[{"href":"https:\/\/komismadej.pl\/wp\/index.php?rest_route=\/wp\/v2\/types\/product"}],"wp:featuredmedia":[{"embeddable":true,"href":"https:\/\/komismadej.pl\/wp\/index.php?rest_route=\/wp\/v2\/media\/1852"}],"wp:attachment":[{"href":"https:\/\/komismadej.pl\/wp\/index.php?rest_route=%2Fwp%2Fv2%2Fmedia&parent=1851"}],"wp:term":[{"taxonomy":"product_brand","embeddable":true,"href":"https:\/\/komismadej.pl\/wp\/index.php?rest_route=%2Fwp%2Fv2%2Fproduct_brand&post=1851"},{"taxonomy":"product_cat","embeddable":true,"href":"https:\/\/komismadej.pl\/wp\/index.php?rest_route=%2Fwp%2Fv2%2Fproduct_cat&post=1851"},{"taxonomy":"product_tag","embeddable":true,"href":"https:\/\/komismadej.pl\/wp\/index.php?rest_route=%2Fwp%2Fv2%2Fproduct_tag&post=1851"}],"curies":[{"name":"wp","href":"https:\/\/api.w.org\/{rel}","templated":true}]}}