{"id":26,"date":"2024-03-08T13:26:59","date_gmt":"2024-03-08T12:26:59","guid":{"rendered":"https:\/\/sklep.lombardmadej.pl\/?page_id=26"},"modified":"2024-03-20T10:09:43","modified_gmt":"2024-03-20T09:09:43","slug":"polityka-prywatnosci","status":"publish","type":"page","link":"https:\/\/komismadej.pl\/wp\/?page_id=26","title":{"rendered":"Polityka prywatno\u015bci"},"content":{"rendered":"\n<p>Polityka prywatno\u015bci serwisu komismadej.pl<\/p>\n\n\n\n<p>Wsp\u00f3\u0142administratorami Pa\u0144stwa danych s\u0105 Damian Maziarz oraz Edyta Ostrowska czyli w\u0142a\u015bciciele firmy Madej s.c. z siedzib\u0105 w Sosnowcu przy ul. Sp\u00f3\u0142dzielczej 1. Nasze dane kontaktowe: e-mail: madejsc@interia.pl, tel. 32 291 21 17.<br>Administrator danych jest odpowiedzialny za bezpiecze\u0144stwo przekazanych danych osobowych oraz przetwarzanie ich zgodnie z przepisami prawa.<\/p>\n\n\n\n<p><strong>W JAKIM CELU I NA JAKIEJ PODSTAWIE PRAWNEJ WYKORZYSTUJEMY DANE?<\/strong><\/p>\n\n\n\n<p>Pa\u0144stwa dane osobowe b\u0119dziemy wykorzystywa\u0107 w nast\u0119puj\u0105cych celach:<br>\u2013 zawarcia i wykonania umowy, w tym zapewnienia poprawnej jako\u015bci us\u0142ug (podstawa prawna \u2013 art. 6 ust. 1 lit b RODO) \u2013 \u201ewykonanie umowy\u201d,<br>\u2013 wykonania ci\u0105\u017c\u0105cych na naszej firmie obowi\u0105zk\u00f3w prawnych, np. wystawiania i przechowywania faktur czy udzielania odpowiedzi na reklamacje (podstawa prawna \u2013 art. 6 ust. 1 lit c RODO) \u2013 \u201eobowi\u0105zek prawny\u201d,<br>\u2013 dochodzenia roszcze\u0144 wynikaj\u0105cych z umowy (podstawa prawna \u2013 art. 6 ust. 1 lit. f RODO) \u2013 \u201eprawnie uzasadniony interes\u201d,<br>\u2013 marketingu us\u0142ug w\u0142asnych w trakcie trwania umowy (podstawa prawna \u2013 art. 6 ust. 1 lit. f RODO) \u2013 \u201eprawnie uzasadniony interes\u201d,<\/p>\n\n\n\n<p><strong>JAK D\u0141UGO B\u0118DZIEMY WYKORZYSTYWA\u0106 DANE?<\/strong><\/p>\n\n\n\n<p>Dane b\u0119dziemy wykorzystywa\u0107 przez okres niezb\u0119dny do realizacji opisanych powy\u017cej cel\u00f3w.&nbsp;&nbsp; W zale\u017cno\u015bci od podstawy prawnej b\u0119dzie to odpowiednio:<br>\u2013 czas trwania umowy,<br>\u2013 czas wykonywania obowi\u0105zk\u00f3w prawnych oraz czas, w kt\u00f3rym przepisy prawa nakazuj\u0105 nam przechowywa\u0107 dane, np. przepisy podatkowe,<br>\u2013 czas po kt\u00f3rym przedawni\u0105 si\u0119 roszczenia wynikaj\u0105ce z umowy,<br>\u2013 czas do momentu wycofania zgody.<br><br><strong>JAKIE MAJ\u0104 PA\u0143STWO PRAWA?<\/strong><\/p>\n\n\n\n<p>Mog\u0105 Pa\u0144stwo z\u0142o\u017cy\u0107 do naszej firmy wniosek o:<br>\u2013 dost\u0119p do danych osobowych (informacj\u0119 o przetwarzanych danych osobowych oraz kopi\u0119 danych),<br>\u2013 sprostowanie danych, gdy s\u0105 one nieprawid\u0142owe,<br>\u2013 przeniesienie danych, w przypadkach okre\u015blonych w RODO,<br>\u2013 usuni\u0119cie lub ograniczenie przetwarzania danych osobowych.<br>Niezale\u017cnie od praw wymienionych wy\u017cej mog\u0105 Pa\u0144stwo w dowolnym momencie wnie\u015b\u0107 sprzeciw wobec przetwarzania Pa\u0144stwa danych, je\u015bli podstaw\u0105 prawn\u0105 wykorzystywania danych jest prawnie uzasadniony interes. Po przyj\u0119ciu wniosku w tej sprawie jeste\u015bmy zobowi\u0105zani do zaprzestania przetwarzania danych w tym celu.<\/p>\n\n\n\n<p>Maj\u0105 Pa\u0144stwo tak\u017ce prawo wnie\u015b\u0107 skarg\u0119 do Prezesa Urz\u0119du Ochrony Danych Osobowych, je\u017celi uwa\u017caj\u0105 Pa\u0144stwo, \u017ce przetwarzanie Pa\u0144stwa danych osobowych narusza przepisy prawa.<\/p>\n\n\n\n<p>Udzielona zgoda na przetwarzanie danych osobowych w celach marketingowych mo\u017ce by\u0107 wycofana w ka\u017cdym czasie.<\/p>\n\n\n\n<p><strong>KOMU PRZEKAZUJEMY PA\u0143STWA DANE?<\/strong><\/p>\n\n\n\n<p>Z zachowaniem wszelkich gwarancji bezpiecze\u0144stwa danych, Pa\u0144stwa dane mo\u017cemy przekaza\u0107 \u2013 opr\u00f3cz osobom upowa\u017cnionym przez Administratora danych \u2013 innym podmiotom, w tym:<br>\u2013 podmiotom przetwarzaj\u0105cym je w naszym imieniu, np. dostawcom us\u0142ug technicznych i podmiotom \u015bwiadcz\u0105cym nam us\u0142ugi doradcze;<br>\u2013 innym administratorom, np. kurierom.<br>Pa\u0144stwa dane nie b\u0119d\u0105 przekazywane do pa\u0144stw spoza Europejskiego Obszaru Gospodarczego (do kraj\u00f3w innych ni\u017c kraje Unii Europejskiej oraz Islandia, Norwegia i Liechtenstein).<\/p>\n\n\n\n<p><strong>JAK MO\u017bNA SI\u0118 Z NAMI SKONTAKTOWA\u0106 W SPRAWIE OCHRONY DANYCH OSOBOWYCH?<\/strong><\/p>\n\n\n\n<p>Mog\u0105 si\u0119 Pa\u0144stwo skontaktowa\u0107 si\u0119 za po\u015brednictwem poczty elektronicznej: madejsc@interia.pl lub listownie na adres: 41-200 Sosnowiec ul. Sp\u00f3\u0142dzielcza 1<\/p>\n\n\n\n<p><strong>JAK MO\u017bNA SI\u0118 Z NAMI SKONTAKTOWA\u0106 W SPRAWIE OCHRONY DANYCH OSOBOWYCH?<\/strong><\/p>\n\n\n\n<p>Mog\u0105 si\u0119 Pa\u0144stwo skontaktowa\u0107 si\u0119 za po\u015brednictwem poczty elektronicznej: madejsc@interia.pl lub listownie na adres: 41-200 Sosnowiec ul. Sp\u00f3\u0142dzielcza<\/p>\n\n\n\n<p><strong>Stosowanie plik\u00f3w cookies (&#8222;ciasteczka&#8221;<\/strong>)<\/p>\n\n\n\n<ol class=\"wp-block-list\">\n<li>Serwis zbiera w spos\u00f3b automatyczny tylko informacje zawarte w plikach cookies.<\/li>\n\n\n\n<li>Pliki (cookies) s\u0105 plikami tekstowymi, kt\u00f3re przechowywane s\u0105 w urz\u0105dzeniu ko\u0144cowym u\u017cytkownika serwisu. Przeznaczone s\u0105 do korzystania ze stron serwisu. Przede wszystkim zawieraj\u0105 nazw\u0119 strony internetowej swojego pochodzenia, sw\u00f3j unikalny numer, czas przechowywania na urz\u0105dzeniu ko\u0144cowym.<\/li>\n\n\n\n<li>Operator serwisu komismadej.pl jest podmiotem zamieszczaj\u0105cym na urz\u0105dzeniu ko\u0144cowym swojego u\u017cytkownika pliki cookies oraz maj\u0105cym do nich dost\u0119p.<\/li>\n\n\n\n<li>Operator serwisu komismadej.pl wykorzystuje pliki (cookies) w celu:<\/li>\n<\/ol>\n\n\n\n<p>a) dopasowania zawarto\u015bci strony internetowej do indywidualnych preferencji u\u017cytkownika, przede wszystkim pliki te rozpoznaj\u0105 jego urz\u0105dzenie, aby zgodnie z jego preferencjami wy\u015bwietli\u0107 stron\u0119;<\/p>\n\n\n\n<p>b) przygotowywania statystyk pomagaj\u0105cych poznaniu preferencji i zachowa\u0144 u\u017cytkownik\u00f3w, analiza tych statystyk jest anonimowa i umo\u017cliwia dostosowanie zawarto\u015bci i wygl\u0105du serwisu do panuj\u0105cych trend\u00f3w, statystyki stosuje si\u0119 te\u017c do oceny popularno\u015bci strony;<\/p>\n\n\n\n<ol class=\"wp-block-list\" start=\"5\">\n<li>Serwis stosuje dwa zasadnicze rodzaje plik\u00f3w (cookies) &#8211; sesyjne i sta\u0142e. Pliki sesyjne s\u0105 tymczasowe, przechowuje si\u0119 je do momentu opuszczenia strony serwisu (poprzez wej\u015bcie na inn\u0105 stron\u0119, wylogowanie lub wy\u0142\u0105czenie przegl\u0105darki). Pliki sta\u0142e przechowywane s\u0105 w urz\u0105dzeniu ko\u0144cowym u\u017cytkownika do czasu ich usuni\u0119cia przez u\u017cytkownika lub przez czas wynikaj\u0105cy z ich ustawie\u0144.<\/li>\n\n\n\n<li>U\u017cytkownik mo\u017ce w ka\u017cdej chwili dokona\u0107 zmiany ustawie\u0144 swojej przegl\u0105darki, aby zablokowa\u0107 obs\u0142ug\u0119 plik\u00f3w (cookies) lub ka\u017cdorazowo uzyskiwa\u0107 informacje o ich umieszczeniu w swoim urz\u0105dzeniu. Inne dost\u0119pne opcje mo\u017cna sprawdzi\u0107 w ustawieniach swojej przegl\u0105darki internetowej. Nale\u017cy pami\u0119ta\u0107, \u017ce wi\u0119kszo\u015b\u0107 przegl\u0105darek domy\u015blnie jest ustawione na akceptacj\u0119 zapisu plik\u00f3w (cookies)w urz\u0105dzeniu ko\u0144cowym.<\/li>\n\n\n\n<li>Operator Serwisu informuje, \u017ce zmiany ustawie\u0144 w przegl\u0105darce internetowej u\u017cytkownika mog\u0105 ograniczy\u0107 dost\u0119p do niekt\u00f3rych funkcji strony internetowej serwisu.<\/li>\n\n\n\n<li>Pliki (cookies) z kt\u00f3rych korzysta serwis (zamieszczane w urz\u0105dzeniu ko\u0144cowym u\u017cytkownika) mog\u0105 by\u0107 udost\u0119pnione jego partnerom oraz wsp\u00f3\u0142pracuj\u0105cym z nim reklamodawc\u0105.<\/li>\n\n\n\n<li>Informacje dotycz\u0105ce ustawie\u0144 przegl\u0105darek internetowych dost\u0119pne s\u0105 w jej menu (pomoc) lub na stronie jej producenta.<\/li>\n<\/ol>\n","protected":false},"excerpt":{"rendered":"<p>Polityka prywatno\u015bci serwisu komismadej.pl Wsp\u00f3\u0142administratorami Pa\u0144stwa danych s\u0105 Damian Maziarz oraz Edyta Ostrowska czyli w\u0142a\u015bciciele firmy Madej s.c. z siedzib\u0105 w Sosnowcu przy ul. Sp\u00f3\u0142dzielczej 1. Nasze dane kontaktowe: e-mail: madejsc@interia.pl, tel. 32 291 21 17.Administrator danych jest odpowiedzialny za bezpiecze\u0144stwo przekazanych danych osobowych oraz przetwarzanie ich zgodnie z przepisami prawa. W JAKIM CELU I&#8230;<\/p>\n","protected":false},"author":1,"featured_media":0,"parent":0,"menu_order":0,"comment_status":"closed","ping_status":"closed","template":"","meta":{"_kad_post_transparent":"","_kad_post_title":"","_kad_post_layout":"","_kad_post_sidebar_id":"","_kad_post_content_style":"","_kad_post_vertical_padding":"","_kad_post_feature":"","_kad_post_feature_position":"","_kad_post_header":false,"_kad_post_footer":false,"_kad_post_classname":"","footnotes":""},"class_list":["post-26","page","type-page","status-publish","hentry"],"_links":{"self":[{"href":"https:\/\/komismadej.pl\/wp\/index.php?rest_route=\/wp\/v2\/pages\/26","targetHints":{"allow":["GET"]}}],"collection":[{"href":"https:\/\/komismadej.pl\/wp\/index.php?rest_route=\/wp\/v2\/pages"}],"about":[{"href":"https:\/\/komismadej.pl\/wp\/index.php?rest_route=\/wp\/v2\/types\/page"}],"author":[{"embeddable":true,"href":"https:\/\/komismadej.pl\/wp\/index.php?rest_route=\/wp\/v2\/users\/1"}],"replies":[{"embeddable":true,"href":"https:\/\/komismadej.pl\/wp\/index.php?rest_route=%2Fwp%2Fv2%2Fcomments&post=26"}],"version-history":[{"count":2,"href":"https:\/\/komismadej.pl\/wp\/index.php?rest_route=\/wp\/v2\/pages\/26\/revisions"}],"predecessor-version":[{"id":460,"href":"https:\/\/komismadej.pl\/wp\/index.php?rest_route=\/wp\/v2\/pages\/26\/revisions\/460"}],"wp:attachment":[{"href":"https:\/\/komismadej.pl\/wp\/index.php?rest_route=%2Fwp%2Fv2%2Fmedia&parent=26"}],"curies":[{"name":"wp","href":"https:\/\/api.w.org\/{rel}","templated":true}]}}